{"id":1118,"date":"2023-02-09T16:23:58","date_gmt":"2023-02-09T16:23:58","guid":{"rendered":"https:\/\/www.alpina-leukerbad.ch\/lage-und-umgebung\/"},"modified":"2023-05-12T11:32:06","modified_gmt":"2023-05-12T11:32:06","slug":"localisation-et-environnement","status":"publish","type":"page","link":"https:\/\/www.alpina-leukerbad.ch\/fr\/localisation-et-environnement\/","title":{"rendered":"Localisation et environnement"},"content":{"rendered":"\t\t<div data-elementor-type=\"wp-page\" data-elementor-id=\"1118\" class=\"elementor elementor-1118 elementor-511\" data-elementor-post-type=\"page\">\n\t\t\t\t\t\t<section class=\"elementor-section elementor-top-section elementor-element elementor-element-885258a elementor-section-boxed elementor-section-height-default elementor-section-height-default\" data-id=\"885258a\" data-element_type=\"section\" data-e-type=\"section\">\n\t\t\t\t\t\t<div class=\"elementor-container elementor-column-gap-default\">\n\t\t\t\t\t<div class=\"elementor-column elementor-col-100 elementor-top-column elementor-element elementor-element-5f6460f\" data-id=\"5f6460f\" data-element_type=\"column\" data-e-type=\"column\">\n\t\t\t<div class=\"elementor-widget-wrap elementor-element-populated\">\n\t\t\t\t\t\t<div class=\"elementor-element elementor-element-4e2d778 elementor-widget elementor-widget-text-editor\" data-id=\"4e2d778\" data-element_type=\"widget\" data-e-type=\"widget\" data-widget_type=\"text-editor.default\">\n\t\t\t\t<div class=\"elementor-widget-container\">\n\t\t\t\t\t\t\t\t\t<h6>Situation centrale et tranquille<\/h6><h1>Localisation et environnement<\/h1><p>Entreprise familiale depuis 1949, l\u2019h\u00f4tel Alpina b\u00e9n\u00e9ficie d\u2019un emplacement central mais paisible et offre une atmosph\u00e8re confortable et agr\u00e9able. Chambres meubl\u00e9es de fa\u00e7on rustique, certaines avec balcon orient\u00e9 au sud.<\/p>\t\t\t\t\t\t\t\t<\/div>\n\t\t\t\t<\/div>\n\t\t\t\t\t<\/div>\n\t\t<\/div>\n\t\t\t\t\t<\/div>\n\t\t<\/section>\n\t\t\t\t<section class=\"elementor-section elementor-top-section elementor-element elementor-element-9981de0 elementor-section-full_width elementor-section-height-min-height elementor-section-items-stretch conimg-section elementor-section-height-default\" data-id=\"9981de0\" data-element_type=\"section\" data-e-type=\"section\">\n\t\t\t\t\t\t<div class=\"elementor-container elementor-column-gap-default\">\n\t\t\t\t\t<div class=\"elementor-column elementor-col-50 elementor-top-column elementor-element elementor-element-998c198 order-2\" data-id=\"998c198\" data-element_type=\"column\" data-e-type=\"column\" data-settings=\"{&quot;background_background&quot;:&quot;classic&quot;}\">\n\t\t\t<div class=\"elementor-widget-wrap elementor-element-populated\">\n\t\t\t\t\t\t<div class=\"elementor-element elementor-element-73c7cae elementor-widget elementor-widget-heading\" data-id=\"73c7cae\" data-element_type=\"widget\" data-e-type=\"widget\" data-widget_type=\"heading.default\">\n\t\t\t\t<div class=\"elementor-widget-container\">\n\t\t\t\t\t<h4 class=\"elementor-heading-title elementor-size-default\">\u00c9t\u00e9<\/h4>\t\t\t\t<\/div>\n\t\t\t\t<\/div>\n\t\t\t\t<div class=\"elementor-element elementor-element-c1a4c05 elementor-widget elementor-widget-text-editor\" data-id=\"c1a4c05\" data-element_type=\"widget\" data-e-type=\"widget\" data-widget_type=\"text-editor.default\">\n\t\t\t\t<div class=\"elementor-widget-container\">\n\t\t\t\t\t\t\t\t\t<p>Deux remont\u00e9es m\u00e9caniques relient la station dans le bassin prot\u00e9g\u00e9 \u00e0 la randonn\u00e9e Gemmipass et au Torrent. L&rsquo;ancien chemin muletier m\u00e8ne de Lo\u00e8che-les-Bains au-dessus du col de Gemmi, le long de l&rsquo;idyllique Daubensee, jusqu&rsquo;\u00e0 Kandersteg, dans l&rsquo;Oberland bernois. Accessible depuis Gemmi, il s&rsquo;agit probablement de la via ferrata la plus longue et la plus exigeante de Suisse, avec de longues \u00e9chelles verticales jusqu&rsquo;au Daubenhorn, haut de pr\u00e8s de 3 000 m\u00e8tres.<\/p>\t\t\t\t\t\t\t\t<\/div>\n\t\t\t\t<\/div>\n\t\t\t\t\t<\/div>\n\t\t<\/div>\n\t\t\t\t<div class=\"elementor-column elementor-col-50 elementor-top-column elementor-element elementor-element-c3fb09f order-1\" data-id=\"c3fb09f\" data-element_type=\"column\" data-e-type=\"column\">\n\t\t\t<div class=\"elementor-widget-wrap elementor-element-populated\">\n\t\t\t\t\t\t<div class=\"elementor-element elementor-element-9a5f339 elementor-arrows-position-outside elementor-widget__width-inherit roomslider elementor-widget elementor-widget-image-carousel\" data-id=\"9a5f339\" data-element_type=\"widget\" data-e-type=\"widget\" data-settings=\"{&quot;slides_to_show&quot;:&quot;1&quot;,&quot;navigation&quot;:&quot;arrows&quot;,&quot;lazyload&quot;:&quot;yes&quot;,&quot;autoplay&quot;:&quot;yes&quot;,&quot;pause_on_hover&quot;:&quot;yes&quot;,&quot;pause_on_interaction&quot;:&quot;yes&quot;,&quot;autoplay_speed&quot;:5000,&quot;infinite&quot;:&quot;yes&quot;,&quot;effect&quot;:&quot;slide&quot;,&quot;speed&quot;:500}\" data-widget_type=\"image-carousel.default\">\n\t\t\t\t<div class=\"elementor-widget-container\">\n\t\t\t\t\t\t\t<div class=\"elementor-image-carousel-wrapper swiper\" role=\"region\" aria-roledescription=\"carousel\" aria-label=\"Carrousel d\u2019images\" dir=\"ltr\">\n\t\t\t<div class=\"elementor-image-carousel swiper-wrapper swiper-image-stretch\" aria-live=\"off\">\n\t\t\t\t\t\t\t\t<div class=\"swiper-slide\" role=\"group\" aria-roledescription=\"slide\" aria-label=\"1 sur 4\"><figure class=\"swiper-slide-inner\"><img class=\"swiper-slide-image swiper-lazy\" data-src=\"https:\/\/www.alpina-leukerbad.ch\/wp-content\/uploads\/2023\/02\/Hotel-Restaurant-Alpina-Leukerbad-Lage-und-Umgebung-Sommer-Flowtrail-Leukerbad-1536x1024.jpg\" alt=\"Hotel-Restaurant-Alpina-Leukerbad-Lage-und-Umgebung-Sommer-Flowtrail-Leukerbad\" \/><div class=\"swiper-lazy-preloader\"><\/div><\/figure><\/div><div class=\"swiper-slide\" role=\"group\" aria-roledescription=\"slide\" aria-label=\"2 sur 4\"><figure class=\"swiper-slide-inner\"><img class=\"swiper-slide-image swiper-lazy\" data-src=\"https:\/\/www.alpina-leukerbad.ch\/wp-content\/uploads\/2023\/02\/Hotel-Restaurant-Alpina-Leukerbad-Lage-und-Umgebung-Sommer-Gemmi-Panorama-1536x1022.jpg\" alt=\"Hotel-Restaurant-Alpina-Leukerbad-Lage-und-Umgebung-Sommer-Gemmi-Panorama\" \/><div class=\"swiper-lazy-preloader\"><\/div><\/figure><\/div><div class=\"swiper-slide\" role=\"group\" aria-roledescription=\"slide\" aria-label=\"3 sur 4\"><figure class=\"swiper-slide-inner\"><img class=\"swiper-slide-image swiper-lazy\" data-src=\"https:\/\/www.alpina-leukerbad.ch\/wp-content\/uploads\/2023\/02\/Hotel-Restaurant-Alpina-Leukerbad-Lage-und-Umgebung-Sommer-Thermalquellensteg-1536x1022.jpg\" alt=\"Hotel-Restaurant-Alpina-Leukerbad-Lage-und-Umgebung-Sommer-Thermalquellensteg\" \/><div class=\"swiper-lazy-preloader\"><\/div><\/figure><\/div><div class=\"swiper-slide\" role=\"group\" aria-roledescription=\"slide\" aria-label=\"4 sur 4\"><figure class=\"swiper-slide-inner\"><img class=\"swiper-slide-image swiper-lazy\" data-src=\"https:\/\/www.alpina-leukerbad.ch\/wp-content\/uploads\/2023\/02\/Hotel-Restaurant-Alpina-Leukerbad-Lage-und-Umgebung-Sommer-Golf-1536x1152.jpg\" alt=\"Hotel-Restaurant-Alpina-Leukerbad-Lage-und-Umgebung-Sommer-Golf\" \/><div class=\"swiper-lazy-preloader\"><\/div><\/figure><\/div>\t\t\t<\/div>\n\t\t\t\t\t\t\t\t\t\t\t\t<div class=\"elementor-swiper-button elementor-swiper-button-prev\" role=\"button\" tabindex=\"0\">\n\t\t\t\t\t\t<i aria-hidden=\"true\" class=\"eicon-chevron-left\"><\/i>\t\t\t\t\t<\/div>\n\t\t\t\t\t<div class=\"elementor-swiper-button elementor-swiper-button-next\" role=\"button\" tabindex=\"0\">\n\t\t\t\t\t\t<i aria-hidden=\"true\" class=\"eicon-chevron-right\"><\/i>\t\t\t\t\t<\/div>\n\t\t\t\t\n\t\t\t\t\t\t\t\t\t<\/div>\n\t\t\t\t\t\t<\/div>\n\t\t\t\t<\/div>\n\t\t\t\t\t<\/div>\n\t\t<\/div>\n\t\t\t\t\t<\/div>\n\t\t<\/section>\n\t\t\t\t<section class=\"elementor-section elementor-top-section elementor-element elementor-element-6d2d3b1 elementor-section-full_width elementor-section-height-min-height elementor-section-items-stretch conimg-section elementor-section-height-default\" data-id=\"6d2d3b1\" data-element_type=\"section\" data-e-type=\"section\">\n\t\t\t\t\t\t<div class=\"elementor-container elementor-column-gap-default\">\n\t\t\t\t\t<div class=\"elementor-column elementor-col-50 elementor-top-column elementor-element elementor-element-d57b29d\" data-id=\"d57b29d\" data-element_type=\"column\" data-e-type=\"column\">\n\t\t\t<div class=\"elementor-widget-wrap elementor-element-populated\">\n\t\t\t\t\t\t<div class=\"elementor-element elementor-element-2f94fb6 elementor-arrows-position-outside elementor-widget__width-inherit roomslider elementor-widget elementor-widget-image-carousel\" data-id=\"2f94fb6\" data-element_type=\"widget\" data-e-type=\"widget\" data-settings=\"{&quot;slides_to_show&quot;:&quot;1&quot;,&quot;navigation&quot;:&quot;arrows&quot;,&quot;lazyload&quot;:&quot;yes&quot;,&quot;autoplay&quot;:&quot;yes&quot;,&quot;pause_on_hover&quot;:&quot;yes&quot;,&quot;pause_on_interaction&quot;:&quot;yes&quot;,&quot;autoplay_speed&quot;:5000,&quot;infinite&quot;:&quot;yes&quot;,&quot;effect&quot;:&quot;slide&quot;,&quot;speed&quot;:500}\" data-widget_type=\"image-carousel.default\">\n\t\t\t\t<div class=\"elementor-widget-container\">\n\t\t\t\t\t\t\t<div class=\"elementor-image-carousel-wrapper swiper\" role=\"region\" aria-roledescription=\"carousel\" aria-label=\"Carrousel d\u2019images\" dir=\"ltr\">\n\t\t\t<div class=\"elementor-image-carousel swiper-wrapper swiper-image-stretch\" aria-live=\"off\">\n\t\t\t\t\t\t\t\t<div class=\"swiper-slide\" role=\"group\" aria-roledescription=\"slide\" aria-label=\"1 sur 4\"><figure class=\"swiper-slide-inner\"><img class=\"swiper-slide-image swiper-lazy\" data-src=\"https:\/\/www.alpina-leukerbad.ch\/wp-content\/uploads\/2023\/02\/Hotel-Restaurant-Alpina-Leukerbad-Lage-und-Umgebung-Winter-Schlitteln-Gemmi-1536x855.jpg\" alt=\"Hotel-Restaurant-Alpina-Leukerbad-Lage-und-Umgebung-Winter-Schlitteln-Gemmi\" \/><div class=\"swiper-lazy-preloader\"><\/div><\/figure><\/div><div class=\"swiper-slide\" role=\"group\" aria-roledescription=\"slide\" aria-label=\"2 sur 4\"><figure class=\"swiper-slide-inner\"><img class=\"swiper-slide-image swiper-lazy\" data-src=\"https:\/\/www.alpina-leukerbad.ch\/wp-content\/uploads\/2023\/02\/Hotel-Restaurant-Alpina-Leukerbad-Lage-und-Umgebung-Winter-Ski-Torrent-1536x1152.jpg\" alt=\"Hotel-Restaurant-Alpina-Leukerbad-Lage-und-Umgebung-Winter-Ski-Torrent\" \/><div class=\"swiper-lazy-preloader\"><\/div><\/figure><\/div><div class=\"swiper-slide\" role=\"group\" aria-roledescription=\"slide\" aria-label=\"3 sur 4\"><figure class=\"swiper-slide-inner\"><img class=\"swiper-slide-image swiper-lazy\" data-src=\"https:\/\/www.alpina-leukerbad.ch\/wp-content\/uploads\/2023\/02\/Hotel-Restaurant-Alpina-Leukerbad-Lage-und-Umgebung-Winter-Torrent-Bahnen-1536x1024.jpg\" alt=\"Hotel-Restaurant-Alpina-Leukerbad-Lage-und-Umgebung-Winter-Torrent-Bahnen\" \/><div class=\"swiper-lazy-preloader\"><\/div><\/figure><\/div><div class=\"swiper-slide\" role=\"group\" aria-roledescription=\"slide\" aria-label=\"4 sur 4\"><figure class=\"swiper-slide-inner\"><img class=\"swiper-slide-image swiper-lazy\" data-src=\"https:\/\/www.alpina-leukerbad.ch\/wp-content\/uploads\/2023\/02\/Hotel-Restaurant-Alpina-Leukerbad-Lage-und-Umgebung-Winter-Winterwandern-Daubensee-1536x930.jpg\" alt=\"Hotel-Restaurant-Alpina-Leukerbad-Lage-und-Umgebung-Winter-Winterwandern-Daubensee\" \/><div class=\"swiper-lazy-preloader\"><\/div><\/figure><\/div>\t\t\t<\/div>\n\t\t\t\t\t\t\t\t\t\t\t\t<div class=\"elementor-swiper-button elementor-swiper-button-prev\" role=\"button\" tabindex=\"0\">\n\t\t\t\t\t\t<i aria-hidden=\"true\" class=\"eicon-chevron-left\"><\/i>\t\t\t\t\t<\/div>\n\t\t\t\t\t<div class=\"elementor-swiper-button elementor-swiper-button-next\" role=\"button\" tabindex=\"0\">\n\t\t\t\t\t\t<i aria-hidden=\"true\" class=\"eicon-chevron-right\"><\/i>\t\t\t\t\t<\/div>\n\t\t\t\t\n\t\t\t\t\t\t\t\t\t<\/div>\n\t\t\t\t\t\t<\/div>\n\t\t\t\t<\/div>\n\t\t\t\t\t<\/div>\n\t\t<\/div>\n\t\t\t\t<div class=\"elementor-column elementor-col-50 elementor-top-column elementor-element elementor-element-ccc23f2\" data-id=\"ccc23f2\" data-element_type=\"column\" data-e-type=\"column\" data-settings=\"{&quot;background_background&quot;:&quot;classic&quot;}\">\n\t\t\t<div class=\"elementor-widget-wrap elementor-element-populated\">\n\t\t\t\t\t\t<div class=\"elementor-element elementor-element-2b9c4de elementor-widget elementor-widget-heading\" data-id=\"2b9c4de\" data-element_type=\"widget\" data-e-type=\"widget\" data-widget_type=\"heading.default\">\n\t\t\t\t<div class=\"elementor-widget-container\">\n\t\t\t\t\t<h4 class=\"elementor-heading-title elementor-size-default\">Hiver<\/h4>\t\t\t\t<\/div>\n\t\t\t\t<\/div>\n\t\t\t\t<div class=\"elementor-element elementor-element-76fa4a9 elementor-widget elementor-widget-text-editor\" data-id=\"76fa4a9\" data-element_type=\"widget\" data-e-type=\"widget\" data-widget_type=\"text-editor.default\">\n\t\t\t\t<div class=\"elementor-widget-container\">\n\t\t\t\t\t\t\t\t\t<p>Ski alpin sur torrent, ski de fond sur le col de Gemmi: Leukerbad propose environ 50 km de pistes de ski, 30 km de pistes de ski de fond et un grand terrain de sport avec mur d\u2019escalade, salle de glace et de curling, courts de tennis en salle, terrains de squash et salle de musculation. Pour les randonneurs hivernaux, le sentier allant de Gemmipass \u00e0 Sunnb\u00fcel (environ 9 km, 2,5 heures de marche) est ouvert en hiver, si le temps le permet.<\/p>\t\t\t\t\t\t\t\t<\/div>\n\t\t\t\t<\/div>\n\t\t\t\t\t<\/div>\n\t\t<\/div>\n\t\t\t\t\t<\/div>\n\t\t<\/section>\n\t\t\t\t<\/div>\n\t\t","protected":false},"excerpt":{"rendered":"<p>Situation centrale et tranquille Localisation et environnement Entreprise familiale depuis 1949, l\u2019h\u00f4tel Alpina b\u00e9n\u00e9ficie d\u2019un emplacement central mais paisible et offre une atmosph\u00e8re confortable et agr\u00e9able. Chambres meubl\u00e9es de fa\u00e7on rustique, certaines avec balcon orient\u00e9 au sud. \u00c9t\u00e9 Deux remont\u00e9es m\u00e9caniques relient la station dans le bassin prot\u00e9g\u00e9 \u00e0 la randonn\u00e9e Gemmipass et au Torrent. [&hellip;]<\/p>\n","protected":false},"author":1,"featured_media":0,"parent":0,"menu_order":0,"comment_status":"closed","ping_status":"closed","template":"","meta":{"_acf_changed":false,"inline_featured_image":false,"footnotes":""},"class_list":["post-1118","page","type-page","status-publish","hentry"],"acf":[],"yoast_head":"<!-- This site is optimized with the Yoast SEO plugin v27.3 - https:\/\/yoast.com\/product\/yoast-seo-wordpress\/ -->\n<title>Situation centrale et calme - L&#039;h\u00f4tel Alpina \u00e0 Lo\u00e8che-les-Bains<\/title>\n<meta name=\"description\" content=\"Entreprise familiale depuis 1949, l\u2019h\u00f4tel Alpina b\u00e9n\u00e9ficie d\u2019un emplacement central mais paisible et offre une atmosph\u00e8re confortable et agr\u00e9able. Chambres meubl\u00e9es de fa\u00e7on rustique, certaines avec balcon orient\u00e9 au sud.\" \/>\n<meta name=\"robots\" content=\"index, follow, max-snippet:-1, max-image-preview:large, max-video-preview:-1\" \/>\n<link rel=\"canonical\" href=\"https:\/\/www.alpina-leukerbad.ch\/fr\/localisation-et-environnement\/\" \/>\n<meta property=\"og:locale\" content=\"fr_FR\" \/>\n<meta property=\"og:type\" content=\"article\" \/>\n<meta property=\"og:title\" content=\"Situation centrale et calme - L&#039;h\u00f4tel Alpina \u00e0 Lo\u00e8che-les-Bains\" \/>\n<meta property=\"og:description\" content=\"Entreprise familiale depuis 1949, l\u2019h\u00f4tel Alpina b\u00e9n\u00e9ficie d\u2019un emplacement central mais paisible et offre une atmosph\u00e8re confortable et agr\u00e9able. Chambres meubl\u00e9es de fa\u00e7on rustique, certaines avec balcon orient\u00e9 au sud.\" \/>\n<meta property=\"og:url\" content=\"https:\/\/www.alpina-leukerbad.ch\/fr\/localisation-et-environnement\/\" \/>\n<meta property=\"og:site_name\" content=\"Hotel Alpina Leukerbad\" \/>\n<meta property=\"article:modified_time\" content=\"2023-05-12T11:32:06+00:00\" \/>\n<meta property=\"og:image\" content=\"https:\/\/www.alpina-leukerbad.ch\/wp-content\/uploads\/2023\/02\/Hotel-Restaurant-Alpina-Leukerbad-Lage-und-Umgebung-Sommer-Flowtrail-Leukerbad-1536x1024.jpg\" \/>\n<meta name=\"twitter:card\" content=\"summary_large_image\" \/>\n<meta name=\"twitter:label1\" content=\"Dur\u00e9e de lecture estim\u00e9e\" \/>\n\t<meta name=\"twitter:data1\" content=\"3 minutes\" \/>\n<script type=\"application\/ld+json\" class=\"yoast-schema-graph\">{\"@context\":\"https:\\\/\\\/schema.org\",\"@graph\":[{\"@type\":\"WebPage\",\"@id\":\"https:\\\/\\\/www.alpina-leukerbad.ch\\\/fr\\\/localisation-et-environnement\\\/\",\"url\":\"https:\\\/\\\/www.alpina-leukerbad.ch\\\/fr\\\/localisation-et-environnement\\\/\",\"name\":\"Situation centrale et calme - L'h\u00f4tel Alpina \u00e0 Lo\u00e8che-les-Bains\",\"isPartOf\":{\"@id\":\"https:\\\/\\\/www.alpina-leukerbad.ch\\\/#website\"},\"primaryImageOfPage\":{\"@id\":\"https:\\\/\\\/www.alpina-leukerbad.ch\\\/fr\\\/localisation-et-environnement\\\/#primaryimage\"},\"image\":{\"@id\":\"https:\\\/\\\/www.alpina-leukerbad.ch\\\/fr\\\/localisation-et-environnement\\\/#primaryimage\"},\"thumbnailUrl\":\"https:\\\/\\\/www.alpina-leukerbad.ch\\\/wp-content\\\/uploads\\\/2023\\\/02\\\/Hotel-Restaurant-Alpina-Leukerbad-Lage-und-Umgebung-Sommer-Flowtrail-Leukerbad-1536x1024.jpg\",\"datePublished\":\"2023-02-09T16:23:58+00:00\",\"dateModified\":\"2023-05-12T11:32:06+00:00\",\"description\":\"Entreprise familiale depuis 1949, l\u2019h\u00f4tel Alpina b\u00e9n\u00e9ficie d\u2019un emplacement central mais paisible et offre une atmosph\u00e8re confortable et agr\u00e9able. Chambres meubl\u00e9es de fa\u00e7on rustique, certaines avec balcon orient\u00e9 au sud.\",\"breadcrumb\":{\"@id\":\"https:\\\/\\\/www.alpina-leukerbad.ch\\\/fr\\\/localisation-et-environnement\\\/#breadcrumb\"},\"inLanguage\":\"fr-FR\",\"potentialAction\":[{\"@type\":\"ReadAction\",\"target\":[\"https:\\\/\\\/www.alpina-leukerbad.ch\\\/fr\\\/localisation-et-environnement\\\/\"]}]},{\"@type\":\"ImageObject\",\"inLanguage\":\"fr-FR\",\"@id\":\"https:\\\/\\\/www.alpina-leukerbad.ch\\\/fr\\\/localisation-et-environnement\\\/#primaryimage\",\"url\":\"https:\\\/\\\/www.alpina-leukerbad.ch\\\/wp-content\\\/uploads\\\/2023\\\/02\\\/Hotel-Restaurant-Alpina-Leukerbad-Lage-und-Umgebung-Sommer-Flowtrail-Leukerbad-1536x1024.jpg\",\"contentUrl\":\"https:\\\/\\\/www.alpina-leukerbad.ch\\\/wp-content\\\/uploads\\\/2023\\\/02\\\/Hotel-Restaurant-Alpina-Leukerbad-Lage-und-Umgebung-Sommer-Flowtrail-Leukerbad-1536x1024.jpg\"},{\"@type\":\"BreadcrumbList\",\"@id\":\"https:\\\/\\\/www.alpina-leukerbad.ch\\\/fr\\\/localisation-et-environnement\\\/#breadcrumb\",\"itemListElement\":[{\"@type\":\"ListItem\",\"position\":1,\"name\":\"Startseite\",\"item\":\"https:\\\/\\\/www.alpina-leukerbad.ch\\\/fr\\\/\"},{\"@type\":\"ListItem\",\"position\":2,\"name\":\"Localisation et environnement\"}]},{\"@type\":\"WebSite\",\"@id\":\"https:\\\/\\\/www.alpina-leukerbad.ch\\\/#website\",\"url\":\"https:\\\/\\\/www.alpina-leukerbad.ch\\\/\",\"name\":\"Hotel Alpina Leukerbad\",\"description\":\"Famili\u00e4res Hotel im Herzen von Leukerbad\",\"publisher\":{\"@id\":\"https:\\\/\\\/www.alpina-leukerbad.ch\\\/#organization\"},\"potentialAction\":[{\"@type\":\"SearchAction\",\"target\":{\"@type\":\"EntryPoint\",\"urlTemplate\":\"https:\\\/\\\/www.alpina-leukerbad.ch\\\/?s={search_term_string}\"},\"query-input\":{\"@type\":\"PropertyValueSpecification\",\"valueRequired\":true,\"valueName\":\"search_term_string\"}}],\"inLanguage\":\"fr-FR\"},{\"@type\":\"Organization\",\"@id\":\"https:\\\/\\\/www.alpina-leukerbad.ch\\\/#organization\",\"name\":\"Hotel Alpina Leukerbad\",\"url\":\"https:\\\/\\\/www.alpina-leukerbad.ch\\\/\",\"logo\":{\"@type\":\"ImageObject\",\"inLanguage\":\"fr-FR\",\"@id\":\"https:\\\/\\\/www.alpina-leukerbad.ch\\\/#\\\/schema\\\/logo\\\/image\\\/\",\"url\":\"https:\\\/\\\/www.alpina-leukerbad.ch\\\/wp-content\\\/uploads\\\/2023\\\/02\\\/logo-hotel-alpina-leukerbad.svg\",\"contentUrl\":\"https:\\\/\\\/www.alpina-leukerbad.ch\\\/wp-content\\\/uploads\\\/2023\\\/02\\\/logo-hotel-alpina-leukerbad.svg\",\"width\":418,\"height\":236,\"caption\":\"Hotel Alpina Leukerbad\"},\"image\":{\"@id\":\"https:\\\/\\\/www.alpina-leukerbad.ch\\\/#\\\/schema\\\/logo\\\/image\\\/\"}}]}<\/script>\n<!-- \/ Yoast SEO plugin. -->","yoast_head_json":{"title":"Situation centrale et calme - L'h\u00f4tel Alpina \u00e0 Lo\u00e8che-les-Bains","description":"Entreprise familiale depuis 1949, l\u2019h\u00f4tel Alpina b\u00e9n\u00e9ficie d\u2019un emplacement central mais paisible et offre une atmosph\u00e8re confortable et agr\u00e9able. Chambres meubl\u00e9es de fa\u00e7on rustique, certaines avec balcon orient\u00e9 au sud.","robots":{"index":"index","follow":"follow","max-snippet":"max-snippet:-1","max-image-preview":"max-image-preview:large","max-video-preview":"max-video-preview:-1"},"canonical":"https:\/\/www.alpina-leukerbad.ch\/fr\/localisation-et-environnement\/","og_locale":"fr_FR","og_type":"article","og_title":"Situation centrale et calme - L'h\u00f4tel Alpina \u00e0 Lo\u00e8che-les-Bains","og_description":"Entreprise familiale depuis 1949, l\u2019h\u00f4tel Alpina b\u00e9n\u00e9ficie d\u2019un emplacement central mais paisible et offre une atmosph\u00e8re confortable et agr\u00e9able. Chambres meubl\u00e9es de fa\u00e7on rustique, certaines avec balcon orient\u00e9 au sud.","og_url":"https:\/\/www.alpina-leukerbad.ch\/fr\/localisation-et-environnement\/","og_site_name":"Hotel Alpina Leukerbad","article_modified_time":"2023-05-12T11:32:06+00:00","og_image":[{"url":"https:\/\/www.alpina-leukerbad.ch\/wp-content\/uploads\/2023\/02\/Hotel-Restaurant-Alpina-Leukerbad-Lage-und-Umgebung-Sommer-Flowtrail-Leukerbad-1536x1024.jpg","type":"","width":"","height":""}],"twitter_card":"summary_large_image","twitter_misc":{"Dur\u00e9e de lecture estim\u00e9e":"3 minutes"},"schema":{"@context":"https:\/\/schema.org","@graph":[{"@type":"WebPage","@id":"https:\/\/www.alpina-leukerbad.ch\/fr\/localisation-et-environnement\/","url":"https:\/\/www.alpina-leukerbad.ch\/fr\/localisation-et-environnement\/","name":"Situation centrale et calme - L'h\u00f4tel Alpina \u00e0 Lo\u00e8che-les-Bains","isPartOf":{"@id":"https:\/\/www.alpina-leukerbad.ch\/#website"},"primaryImageOfPage":{"@id":"https:\/\/www.alpina-leukerbad.ch\/fr\/localisation-et-environnement\/#primaryimage"},"image":{"@id":"https:\/\/www.alpina-leukerbad.ch\/fr\/localisation-et-environnement\/#primaryimage"},"thumbnailUrl":"https:\/\/www.alpina-leukerbad.ch\/wp-content\/uploads\/2023\/02\/Hotel-Restaurant-Alpina-Leukerbad-Lage-und-Umgebung-Sommer-Flowtrail-Leukerbad-1536x1024.jpg","datePublished":"2023-02-09T16:23:58+00:00","dateModified":"2023-05-12T11:32:06+00:00","description":"Entreprise familiale depuis 1949, l\u2019h\u00f4tel Alpina b\u00e9n\u00e9ficie d\u2019un emplacement central mais paisible et offre une atmosph\u00e8re confortable et agr\u00e9able. Chambres meubl\u00e9es de fa\u00e7on rustique, certaines avec balcon orient\u00e9 au sud.","breadcrumb":{"@id":"https:\/\/www.alpina-leukerbad.ch\/fr\/localisation-et-environnement\/#breadcrumb"},"inLanguage":"fr-FR","potentialAction":[{"@type":"ReadAction","target":["https:\/\/www.alpina-leukerbad.ch\/fr\/localisation-et-environnement\/"]}]},{"@type":"ImageObject","inLanguage":"fr-FR","@id":"https:\/\/www.alpina-leukerbad.ch\/fr\/localisation-et-environnement\/#primaryimage","url":"https:\/\/www.alpina-leukerbad.ch\/wp-content\/uploads\/2023\/02\/Hotel-Restaurant-Alpina-Leukerbad-Lage-und-Umgebung-Sommer-Flowtrail-Leukerbad-1536x1024.jpg","contentUrl":"https:\/\/www.alpina-leukerbad.ch\/wp-content\/uploads\/2023\/02\/Hotel-Restaurant-Alpina-Leukerbad-Lage-und-Umgebung-Sommer-Flowtrail-Leukerbad-1536x1024.jpg"},{"@type":"BreadcrumbList","@id":"https:\/\/www.alpina-leukerbad.ch\/fr\/localisation-et-environnement\/#breadcrumb","itemListElement":[{"@type":"ListItem","position":1,"name":"Startseite","item":"https:\/\/www.alpina-leukerbad.ch\/fr\/"},{"@type":"ListItem","position":2,"name":"Localisation et environnement"}]},{"@type":"WebSite","@id":"https:\/\/www.alpina-leukerbad.ch\/#website","url":"https:\/\/www.alpina-leukerbad.ch\/","name":"Hotel Alpina Leukerbad","description":"Famili\u00e4res Hotel im Herzen von Leukerbad","publisher":{"@id":"https:\/\/www.alpina-leukerbad.ch\/#organization"},"potentialAction":[{"@type":"SearchAction","target":{"@type":"EntryPoint","urlTemplate":"https:\/\/www.alpina-leukerbad.ch\/?s={search_term_string}"},"query-input":{"@type":"PropertyValueSpecification","valueRequired":true,"valueName":"search_term_string"}}],"inLanguage":"fr-FR"},{"@type":"Organization","@id":"https:\/\/www.alpina-leukerbad.ch\/#organization","name":"Hotel Alpina Leukerbad","url":"https:\/\/www.alpina-leukerbad.ch\/","logo":{"@type":"ImageObject","inLanguage":"fr-FR","@id":"https:\/\/www.alpina-leukerbad.ch\/#\/schema\/logo\/image\/","url":"https:\/\/www.alpina-leukerbad.ch\/wp-content\/uploads\/2023\/02\/logo-hotel-alpina-leukerbad.svg","contentUrl":"https:\/\/www.alpina-leukerbad.ch\/wp-content\/uploads\/2023\/02\/logo-hotel-alpina-leukerbad.svg","width":418,"height":236,"caption":"Hotel Alpina Leukerbad"},"image":{"@id":"https:\/\/www.alpina-leukerbad.ch\/#\/schema\/logo\/image\/"}}]}},"_links":{"self":[{"href":"https:\/\/www.alpina-leukerbad.ch\/fr\/wp-json\/wp\/v2\/pages\/1118","targetHints":{"allow":["GET"]}}],"collection":[{"href":"https:\/\/www.alpina-leukerbad.ch\/fr\/wp-json\/wp\/v2\/pages"}],"about":[{"href":"https:\/\/www.alpina-leukerbad.ch\/fr\/wp-json\/wp\/v2\/types\/page"}],"author":[{"embeddable":true,"href":"https:\/\/www.alpina-leukerbad.ch\/fr\/wp-json\/wp\/v2\/users\/1"}],"replies":[{"embeddable":true,"href":"https:\/\/www.alpina-leukerbad.ch\/fr\/wp-json\/wp\/v2\/comments?post=1118"}],"version-history":[{"count":3,"href":"https:\/\/www.alpina-leukerbad.ch\/fr\/wp-json\/wp\/v2\/pages\/1118\/revisions"}],"predecessor-version":[{"id":2635,"href":"https:\/\/www.alpina-leukerbad.ch\/fr\/wp-json\/wp\/v2\/pages\/1118\/revisions\/2635"}],"wp:attachment":[{"href":"https:\/\/www.alpina-leukerbad.ch\/fr\/wp-json\/wp\/v2\/media?parent=1118"}],"curies":[{"name":"wp","href":"https:\/\/api.w.org\/{rel}","templated":true}]}}