{"id":1198,"date":"2023-02-10T08:29:47","date_gmt":"2023-02-10T08:29:47","guid":{"rendered":"https:\/\/www.alpina-leukerbad.ch\/aktionswochen\/"},"modified":"2025-06-05T14:53:57","modified_gmt":"2025-06-05T14:53:57","slug":"semaines-daction","status":"publish","type":"page","link":"https:\/\/www.alpina-leukerbad.ch\/fr\/semaines-daction\/","title":{"rendered":"Semaines d&rsquo;action"},"content":{"rendered":"\t\t<div data-elementor-type=\"wp-page\" data-elementor-id=\"1198\" class=\"elementor elementor-1198 elementor-652\" data-elementor-post-type=\"page\">\n\t\t\t\t\t\t<section class=\"elementor-section elementor-top-section elementor-element elementor-element-885258a elementor-section-boxed elementor-section-height-default elementor-section-height-default\" data-id=\"885258a\" data-element_type=\"section\" data-e-type=\"section\">\n\t\t\t\t\t\t<div class=\"elementor-container elementor-column-gap-default\">\n\t\t\t\t\t<div class=\"elementor-column elementor-col-100 elementor-top-column elementor-element elementor-element-5f6460f\" data-id=\"5f6460f\" data-element_type=\"column\" data-e-type=\"column\">\n\t\t\t<div class=\"elementor-widget-wrap elementor-element-populated\">\n\t\t\t\t\t\t<div class=\"elementor-element elementor-element-4e2d778 elementor-widget elementor-widget-text-editor\" data-id=\"4e2d778\" data-element_type=\"widget\" data-e-type=\"widget\" data-widget_type=\"text-editor.default\">\n\t\t\t\t<div class=\"elementor-widget-container\">\n\t\t\t\t\t\t\t\t\t<h6>Offres imbattables!<\/h6><h1>Semaines d&rsquo;action<\/h1><p>Profitez de nos semaines d&rsquo;action et r\u00e9servez d\u00e8s aujourd&rsquo;hui votre semaine de vacances \u00e0 la montagne. Lo\u00e8che-les-Bains, \u00e9t\u00e9 comme hiver, vaut toujours le d\u00e9tour.<\/p>\t\t\t\t\t\t\t\t<\/div>\n\t\t\t\t<\/div>\n\t\t\t\t\t<\/div>\n\t\t<\/div>\n\t\t\t\t\t<\/div>\n\t\t<\/section>\n\t\t\t\t<section class=\"elementor-section elementor-top-section elementor-element elementor-element-9981de0 elementor-section-full_width elementor-section-height-min-height elementor-section-items-stretch conimg-section elementor-section-height-default\" data-id=\"9981de0\" data-element_type=\"section\" data-e-type=\"section\">\n\t\t\t\t\t\t<div class=\"elementor-container elementor-column-gap-default\">\n\t\t\t\t\t<div class=\"elementor-column elementor-col-50 elementor-top-column elementor-element elementor-element-998c198 order-2\" data-id=\"998c198\" data-element_type=\"column\" data-e-type=\"column\" data-settings=\"{&quot;background_background&quot;:&quot;classic&quot;}\">\n\t\t\t<div class=\"elementor-widget-wrap elementor-element-populated\">\n\t\t\t\t\t\t<div class=\"elementor-element elementor-element-73c7cae elementor-widget elementor-widget-heading\" data-id=\"73c7cae\" data-element_type=\"widget\" data-e-type=\"widget\" data-widget_type=\"heading.default\">\n\t\t\t\t<div class=\"elementor-widget-container\">\n\t\t\t\t\t<h4 class=\"elementor-heading-title elementor-size-default\">Alpina<\/h4>\t\t\t\t<\/div>\n\t\t\t\t<\/div>\n\t\t\t\t<div class=\"elementor-element elementor-element-c1a4c05 elementor-widget elementor-widget-text-editor\" data-id=\"c1a4c05\" data-element_type=\"widget\" data-e-type=\"widget\" data-widget_type=\"text-editor.default\">\n\t\t\t\t<div class=\"elementor-widget-container\">\n\t\t\t\t\t\t\t\t\t<p><b><\/b>\u2013 Studio (1-2 personnes) Prix forfaitaire par jour de <strong>CHF 80.00<br \/><\/strong>\u2013 2 1\/2 appartement (2-4 personnes) Forfait par jour de <strong>CHF 105.00<br \/><\/strong>\u2013 3 1\/2 appartement (2-6 personnes) Forfait par jour de <strong>CHF<\/strong><strong> 140.00<\/strong><\/p><p>Nettoyage final, draps, et linges de toilette WLAN et Leukerbad Guest Card inclus. Taxe de s\u00e9jour non compris. Garage CHF 10.00 \/ Parking CHF 5.00 les animaux ne sont pas accept\u00e9s. Appartements non-fumeur<\/p>\t\t\t\t\t\t\t\t<\/div>\n\t\t\t\t<\/div>\n\t\t\t\t\t<\/div>\n\t\t<\/div>\n\t\t\t\t<div class=\"elementor-column elementor-col-50 elementor-top-column elementor-element elementor-element-c3fb09f order-1\" data-id=\"c3fb09f\" data-element_type=\"column\" data-e-type=\"column\">\n\t\t\t<div class=\"elementor-widget-wrap elementor-element-populated\">\n\t\t\t\t\t\t<div class=\"elementor-element elementor-element-a38a0d6 roomslider elementor-arrows-position-inside elementor-widget elementor-widget-image-carousel\" data-id=\"a38a0d6\" data-element_type=\"widget\" data-e-type=\"widget\" data-settings=\"{&quot;slides_to_show&quot;:&quot;1&quot;,&quot;navigation&quot;:&quot;arrows&quot;,&quot;autoplay&quot;:&quot;yes&quot;,&quot;pause_on_hover&quot;:&quot;yes&quot;,&quot;pause_on_interaction&quot;:&quot;yes&quot;,&quot;autoplay_speed&quot;:5000,&quot;infinite&quot;:&quot;yes&quot;,&quot;effect&quot;:&quot;slide&quot;,&quot;speed&quot;:500}\" data-widget_type=\"image-carousel.default\">\n\t\t\t\t<div class=\"elementor-widget-container\">\n\t\t\t\t\t\t\t<div class=\"elementor-image-carousel-wrapper swiper\" role=\"region\" aria-roledescription=\"carousel\" aria-label=\"Bild Karussell\" dir=\"ltr\">\n\t\t\t<div class=\"elementor-image-carousel swiper-wrapper swiper-image-stretch\" aria-live=\"off\">\n\t\t\t\t\t\t\t\t<div class=\"swiper-slide\" role=\"group\" aria-roledescription=\"slide\" aria-label=\"1 sur 1\"><figure class=\"swiper-slide-inner\"><img decoding=\"async\" class=\"swiper-slide-image\" src=\"https:\/\/www.alpina-leukerbad.ch\/wp-content\/uploads\/2023\/02\/Hotel-Restaurant-Alpina-Leukerbad-Aktionswochen-Alpina.jpg\" alt=\"Hotel-Restaurant-Alpina-Leukerbad-Aktionswochen-Alpina\" \/><\/figure><\/div>\t\t\t<\/div>\n\t\t\t\t\t<\/div>\n\t\t\t\t\t\t<\/div>\n\t\t\t\t<\/div>\n\t\t\t\t\t<\/div>\n\t\t<\/div>\n\t\t\t\t\t<\/div>\n\t\t<\/section>\n\t\t\t\t<section class=\"elementor-section elementor-top-section elementor-element elementor-element-6d2d3b1 elementor-section-full_width elementor-section-height-min-height elementor-section-items-stretch conimg-section elementor-section-height-default\" data-id=\"6d2d3b1\" data-element_type=\"section\" data-e-type=\"section\">\n\t\t\t\t\t\t<div class=\"elementor-container elementor-column-gap-default\">\n\t\t\t\t\t<div class=\"elementor-column elementor-col-50 elementor-top-column elementor-element elementor-element-d57b29d\" data-id=\"d57b29d\" data-element_type=\"column\" data-e-type=\"column\">\n\t\t\t<div class=\"elementor-widget-wrap elementor-element-populated\">\n\t\t\t\t\t\t<div class=\"elementor-element elementor-element-71d6e36 roomslider elementor-arrows-position-inside elementor-widget elementor-widget-image-carousel\" data-id=\"71d6e36\" data-element_type=\"widget\" data-e-type=\"widget\" data-settings=\"{&quot;slides_to_show&quot;:&quot;1&quot;,&quot;navigation&quot;:&quot;arrows&quot;,&quot;autoplay&quot;:&quot;yes&quot;,&quot;pause_on_hover&quot;:&quot;yes&quot;,&quot;pause_on_interaction&quot;:&quot;yes&quot;,&quot;autoplay_speed&quot;:5000,&quot;infinite&quot;:&quot;yes&quot;,&quot;effect&quot;:&quot;slide&quot;,&quot;speed&quot;:500}\" data-widget_type=\"image-carousel.default\">\n\t\t\t\t<div class=\"elementor-widget-container\">\n\t\t\t\t\t\t\t<div class=\"elementor-image-carousel-wrapper swiper\" role=\"region\" aria-roledescription=\"carousel\" aria-label=\"Bild Karussell\" dir=\"ltr\">\n\t\t\t<div class=\"elementor-image-carousel swiper-wrapper swiper-image-stretch\" aria-live=\"off\">\n\t\t\t\t\t\t\t\t<div class=\"swiper-slide\" role=\"group\" aria-roledescription=\"slide\" aria-label=\"1 sur 1\"><figure class=\"swiper-slide-inner\"><img decoding=\"async\" class=\"swiper-slide-image\" src=\"https:\/\/www.alpina-leukerbad.ch\/wp-content\/uploads\/2023\/02\/Hotel-Restaurant-Alpina-Leukerbad-Galerie-Appartement-Haus-Adora-1.jpg\" alt=\"Hotel-Restaurant-Alpina-Leukerbad-Galerie-Appartement-Haus-Adora\" \/><\/figure><\/div>\t\t\t<\/div>\n\t\t\t\t\t<\/div>\n\t\t\t\t\t\t<\/div>\n\t\t\t\t<\/div>\n\t\t\t\t\t<\/div>\n\t\t<\/div>\n\t\t\t\t<div class=\"elementor-column elementor-col-50 elementor-top-column elementor-element elementor-element-ccc23f2\" data-id=\"ccc23f2\" data-element_type=\"column\" data-e-type=\"column\" data-settings=\"{&quot;background_background&quot;:&quot;classic&quot;}\">\n\t\t\t<div class=\"elementor-widget-wrap elementor-element-populated\">\n\t\t\t\t\t\t<div class=\"elementor-element elementor-element-2b9c4de elementor-widget elementor-widget-heading\" data-id=\"2b9c4de\" data-element_type=\"widget\" data-e-type=\"widget\" data-widget_type=\"heading.default\">\n\t\t\t\t<div class=\"elementor-widget-container\">\n\t\t\t\t\t<h4 class=\"elementor-heading-title elementor-size-default\">Adora<\/h4>\t\t\t\t<\/div>\n\t\t\t\t<\/div>\n\t\t\t\t<div class=\"elementor-element elementor-element-76fa4a9 elementor-widget elementor-widget-text-editor\" data-id=\"76fa4a9\" data-element_type=\"widget\" data-e-type=\"widget\" data-widget_type=\"text-editor.default\">\n\t\t\t\t<div class=\"elementor-widget-container\">\n\t\t\t\t\t\t\t\t\t<p>Tarif forfaitaire par semaine:\u00a0 \u00abY compris nettoyage final, draps, \u00e9lectricit\u00e9, chauffage, parking et Card Plus\u00bb, Prix HT et garage<\/p><p>\u2013 Studio <strong>Adora<\/strong> (1-2 personnes) <strong>CHF 460.00<br \/><\/strong>\u2013 1 1\/2 appartement\u00a0<strong>Alpina<\/strong> (1-2 personnes) <strong>CHF 525.00<br \/><\/strong>\u2013 2 1\/2 appartement <strong>Adora<\/strong> (2-4 personnes) <strong>CHF 610.00<br \/><\/strong><span class=\"tlid-translation translation\" lang=\"en\"><span title=\"\">\u2013 3 1\/2 appartement <strong>Adora <\/strong>(2-6 personnes)<\/span><\/span> <strong>CHF 800.00<\/strong><\/p>\t\t\t\t\t\t\t\t<\/div>\n\t\t\t\t<\/div>\n\t\t\t\t\t<\/div>\n\t\t<\/div>\n\t\t\t\t\t<\/div>\n\t\t<\/section>\n\t\t\t\t<\/div>\n\t\t","protected":false},"excerpt":{"rendered":"<p>Offres imbattables! Semaines d&rsquo;action Profitez de nos semaines d&rsquo;action et r\u00e9servez d\u00e8s aujourd&rsquo;hui votre semaine de vacances \u00e0 la montagne. Lo\u00e8che-les-Bains, \u00e9t\u00e9 comme hiver, vaut toujours le d\u00e9tour. Alpina \u2013 Studio (1-2 personnes) Prix forfaitaire par jour de CHF 80.00\u2013 2 1\/2 appartement (2-4 personnes) Forfait par jour de CHF 105.00\u2013 3 1\/2 appartement (2-6 [&hellip;]<\/p>\n","protected":false},"author":1,"featured_media":0,"parent":0,"menu_order":0,"comment_status":"closed","ping_status":"closed","template":"","meta":{"_acf_changed":false,"inline_featured_image":false,"footnotes":""},"class_list":["post-1198","page","type-page","status-publish","hentry"],"acf":[],"yoast_head":"<!-- This site is optimized with the Yoast SEO plugin v27.3 - https:\/\/yoast.com\/product\/yoast-seo-wordpress\/ -->\n<title>Profitez-en d\u00e8s maintenant ! Semaines promotionnelles \u00e0 l&#039;H\u00f4tel Restaurant Alpina \u00e0 Lo\u00e8che-les-Bains<\/title>\n<meta name=\"description\" content=\"Profitez de nos semaines d\u2019action et r\u00e9servez d\u00e8s aujourd\u2019hui votre semaine de vacances \u00e0 la montagne. Lo\u00e8che-les-Bains, \u00e9t\u00e9 comme hiver, vaut toujours le d\u00e9tour.\" \/>\n<meta name=\"robots\" content=\"index, follow, max-snippet:-1, max-image-preview:large, max-video-preview:-1\" \/>\n<link rel=\"canonical\" href=\"https:\/\/www.alpina-leukerbad.ch\/fr\/semaines-daction\/\" \/>\n<meta property=\"og:locale\" content=\"fr_FR\" \/>\n<meta property=\"og:type\" content=\"article\" \/>\n<meta property=\"og:title\" content=\"Profitez-en d\u00e8s maintenant ! Semaines promotionnelles \u00e0 l&#039;H\u00f4tel Restaurant Alpina \u00e0 Lo\u00e8che-les-Bains\" \/>\n<meta property=\"og:description\" content=\"Profitez de nos semaines d\u2019action et r\u00e9servez d\u00e8s aujourd\u2019hui votre semaine de vacances \u00e0 la montagne. Lo\u00e8che-les-Bains, \u00e9t\u00e9 comme hiver, vaut toujours le d\u00e9tour.\" \/>\n<meta property=\"og:url\" content=\"https:\/\/www.alpina-leukerbad.ch\/fr\/semaines-daction\/\" \/>\n<meta property=\"og:site_name\" content=\"Hotel Alpina Leukerbad\" \/>\n<meta property=\"article:modified_time\" content=\"2025-06-05T14:53:57+00:00\" \/>\n<meta property=\"og:image\" content=\"https:\/\/www.alpina-leukerbad.ch\/wp-content\/uploads\/2023\/02\/Hotel-Restaurant-Alpina-Leukerbad-Aktionswochen-Alpina.jpg\" \/>\n<meta name=\"twitter:card\" content=\"summary_large_image\" \/>\n<meta name=\"twitter:label1\" content=\"Dur\u00e9e de lecture estim\u00e9e\" \/>\n\t<meta name=\"twitter:data1\" content=\"2 minutes\" \/>\n<script type=\"application\/ld+json\" class=\"yoast-schema-graph\">{\"@context\":\"https:\\\/\\\/schema.org\",\"@graph\":[{\"@type\":\"WebPage\",\"@id\":\"https:\\\/\\\/www.alpina-leukerbad.ch\\\/fr\\\/semaines-daction\\\/\",\"url\":\"https:\\\/\\\/www.alpina-leukerbad.ch\\\/fr\\\/semaines-daction\\\/\",\"name\":\"Profitez-en d\u00e8s maintenant ! Semaines promotionnelles \u00e0 l'H\u00f4tel Restaurant Alpina \u00e0 Lo\u00e8che-les-Bains\",\"isPartOf\":{\"@id\":\"https:\\\/\\\/www.alpina-leukerbad.ch\\\/#website\"},\"primaryImageOfPage\":{\"@id\":\"https:\\\/\\\/www.alpina-leukerbad.ch\\\/fr\\\/semaines-daction\\\/#primaryimage\"},\"image\":{\"@id\":\"https:\\\/\\\/www.alpina-leukerbad.ch\\\/fr\\\/semaines-daction\\\/#primaryimage\"},\"thumbnailUrl\":\"https:\\\/\\\/www.alpina-leukerbad.ch\\\/wp-content\\\/uploads\\\/2023\\\/02\\\/Hotel-Restaurant-Alpina-Leukerbad-Aktionswochen-Alpina.jpg\",\"datePublished\":\"2023-02-10T08:29:47+00:00\",\"dateModified\":\"2025-06-05T14:53:57+00:00\",\"description\":\"Profitez de nos semaines d\u2019action et r\u00e9servez d\u00e8s aujourd\u2019hui votre semaine de vacances \u00e0 la montagne. Lo\u00e8che-les-Bains, \u00e9t\u00e9 comme hiver, vaut toujours le d\u00e9tour.\",\"breadcrumb\":{\"@id\":\"https:\\\/\\\/www.alpina-leukerbad.ch\\\/fr\\\/semaines-daction\\\/#breadcrumb\"},\"inLanguage\":\"fr-FR\",\"potentialAction\":[{\"@type\":\"ReadAction\",\"target\":[\"https:\\\/\\\/www.alpina-leukerbad.ch\\\/fr\\\/semaines-daction\\\/\"]}]},{\"@type\":\"ImageObject\",\"inLanguage\":\"fr-FR\",\"@id\":\"https:\\\/\\\/www.alpina-leukerbad.ch\\\/fr\\\/semaines-daction\\\/#primaryimage\",\"url\":\"https:\\\/\\\/www.alpina-leukerbad.ch\\\/wp-content\\\/uploads\\\/2023\\\/02\\\/Hotel-Restaurant-Alpina-Leukerbad-Aktionswochen-Alpina.jpg\",\"contentUrl\":\"https:\\\/\\\/www.alpina-leukerbad.ch\\\/wp-content\\\/uploads\\\/2023\\\/02\\\/Hotel-Restaurant-Alpina-Leukerbad-Aktionswochen-Alpina.jpg\"},{\"@type\":\"BreadcrumbList\",\"@id\":\"https:\\\/\\\/www.alpina-leukerbad.ch\\\/fr\\\/semaines-daction\\\/#breadcrumb\",\"itemListElement\":[{\"@type\":\"ListItem\",\"position\":1,\"name\":\"Startseite\",\"item\":\"https:\\\/\\\/www.alpina-leukerbad.ch\\\/fr\\\/\"},{\"@type\":\"ListItem\",\"position\":2,\"name\":\"Semaines d&#8217;action\"}]},{\"@type\":\"WebSite\",\"@id\":\"https:\\\/\\\/www.alpina-leukerbad.ch\\\/#website\",\"url\":\"https:\\\/\\\/www.alpina-leukerbad.ch\\\/\",\"name\":\"Hotel Alpina Leukerbad\",\"description\":\"Famili\u00e4res Hotel im Herzen von Leukerbad\",\"publisher\":{\"@id\":\"https:\\\/\\\/www.alpina-leukerbad.ch\\\/#organization\"},\"potentialAction\":[{\"@type\":\"SearchAction\",\"target\":{\"@type\":\"EntryPoint\",\"urlTemplate\":\"https:\\\/\\\/www.alpina-leukerbad.ch\\\/?s={search_term_string}\"},\"query-input\":{\"@type\":\"PropertyValueSpecification\",\"valueRequired\":true,\"valueName\":\"search_term_string\"}}],\"inLanguage\":\"fr-FR\"},{\"@type\":\"Organization\",\"@id\":\"https:\\\/\\\/www.alpina-leukerbad.ch\\\/#organization\",\"name\":\"Hotel Alpina Leukerbad\",\"url\":\"https:\\\/\\\/www.alpina-leukerbad.ch\\\/\",\"logo\":{\"@type\":\"ImageObject\",\"inLanguage\":\"fr-FR\",\"@id\":\"https:\\\/\\\/www.alpina-leukerbad.ch\\\/#\\\/schema\\\/logo\\\/image\\\/\",\"url\":\"https:\\\/\\\/www.alpina-leukerbad.ch\\\/wp-content\\\/uploads\\\/2023\\\/02\\\/logo-hotel-alpina-leukerbad.svg\",\"contentUrl\":\"https:\\\/\\\/www.alpina-leukerbad.ch\\\/wp-content\\\/uploads\\\/2023\\\/02\\\/logo-hotel-alpina-leukerbad.svg\",\"width\":418,\"height\":236,\"caption\":\"Hotel Alpina Leukerbad\"},\"image\":{\"@id\":\"https:\\\/\\\/www.alpina-leukerbad.ch\\\/#\\\/schema\\\/logo\\\/image\\\/\"}}]}<\/script>\n<!-- \/ Yoast SEO plugin. -->","yoast_head_json":{"title":"Profitez-en d\u00e8s maintenant ! Semaines promotionnelles \u00e0 l'H\u00f4tel Restaurant Alpina \u00e0 Lo\u00e8che-les-Bains","description":"Profitez de nos semaines d\u2019action et r\u00e9servez d\u00e8s aujourd\u2019hui votre semaine de vacances \u00e0 la montagne. Lo\u00e8che-les-Bains, \u00e9t\u00e9 comme hiver, vaut toujours le d\u00e9tour.","robots":{"index":"index","follow":"follow","max-snippet":"max-snippet:-1","max-image-preview":"max-image-preview:large","max-video-preview":"max-video-preview:-1"},"canonical":"https:\/\/www.alpina-leukerbad.ch\/fr\/semaines-daction\/","og_locale":"fr_FR","og_type":"article","og_title":"Profitez-en d\u00e8s maintenant ! Semaines promotionnelles \u00e0 l'H\u00f4tel Restaurant Alpina \u00e0 Lo\u00e8che-les-Bains","og_description":"Profitez de nos semaines d\u2019action et r\u00e9servez d\u00e8s aujourd\u2019hui votre semaine de vacances \u00e0 la montagne. Lo\u00e8che-les-Bains, \u00e9t\u00e9 comme hiver, vaut toujours le d\u00e9tour.","og_url":"https:\/\/www.alpina-leukerbad.ch\/fr\/semaines-daction\/","og_site_name":"Hotel Alpina Leukerbad","article_modified_time":"2025-06-05T14:53:57+00:00","og_image":[{"url":"https:\/\/www.alpina-leukerbad.ch\/wp-content\/uploads\/2023\/02\/Hotel-Restaurant-Alpina-Leukerbad-Aktionswochen-Alpina.jpg","type":"","width":"","height":""}],"twitter_card":"summary_large_image","twitter_misc":{"Dur\u00e9e de lecture estim\u00e9e":"2 minutes"},"schema":{"@context":"https:\/\/schema.org","@graph":[{"@type":"WebPage","@id":"https:\/\/www.alpina-leukerbad.ch\/fr\/semaines-daction\/","url":"https:\/\/www.alpina-leukerbad.ch\/fr\/semaines-daction\/","name":"Profitez-en d\u00e8s maintenant ! Semaines promotionnelles \u00e0 l'H\u00f4tel Restaurant Alpina \u00e0 Lo\u00e8che-les-Bains","isPartOf":{"@id":"https:\/\/www.alpina-leukerbad.ch\/#website"},"primaryImageOfPage":{"@id":"https:\/\/www.alpina-leukerbad.ch\/fr\/semaines-daction\/#primaryimage"},"image":{"@id":"https:\/\/www.alpina-leukerbad.ch\/fr\/semaines-daction\/#primaryimage"},"thumbnailUrl":"https:\/\/www.alpina-leukerbad.ch\/wp-content\/uploads\/2023\/02\/Hotel-Restaurant-Alpina-Leukerbad-Aktionswochen-Alpina.jpg","datePublished":"2023-02-10T08:29:47+00:00","dateModified":"2025-06-05T14:53:57+00:00","description":"Profitez de nos semaines d\u2019action et r\u00e9servez d\u00e8s aujourd\u2019hui votre semaine de vacances \u00e0 la montagne. Lo\u00e8che-les-Bains, \u00e9t\u00e9 comme hiver, vaut toujours le d\u00e9tour.","breadcrumb":{"@id":"https:\/\/www.alpina-leukerbad.ch\/fr\/semaines-daction\/#breadcrumb"},"inLanguage":"fr-FR","potentialAction":[{"@type":"ReadAction","target":["https:\/\/www.alpina-leukerbad.ch\/fr\/semaines-daction\/"]}]},{"@type":"ImageObject","inLanguage":"fr-FR","@id":"https:\/\/www.alpina-leukerbad.ch\/fr\/semaines-daction\/#primaryimage","url":"https:\/\/www.alpina-leukerbad.ch\/wp-content\/uploads\/2023\/02\/Hotel-Restaurant-Alpina-Leukerbad-Aktionswochen-Alpina.jpg","contentUrl":"https:\/\/www.alpina-leukerbad.ch\/wp-content\/uploads\/2023\/02\/Hotel-Restaurant-Alpina-Leukerbad-Aktionswochen-Alpina.jpg"},{"@type":"BreadcrumbList","@id":"https:\/\/www.alpina-leukerbad.ch\/fr\/semaines-daction\/#breadcrumb","itemListElement":[{"@type":"ListItem","position":1,"name":"Startseite","item":"https:\/\/www.alpina-leukerbad.ch\/fr\/"},{"@type":"ListItem","position":2,"name":"Semaines d&#8217;action"}]},{"@type":"WebSite","@id":"https:\/\/www.alpina-leukerbad.ch\/#website","url":"https:\/\/www.alpina-leukerbad.ch\/","name":"Hotel Alpina Leukerbad","description":"Famili\u00e4res Hotel im Herzen von Leukerbad","publisher":{"@id":"https:\/\/www.alpina-leukerbad.ch\/#organization"},"potentialAction":[{"@type":"SearchAction","target":{"@type":"EntryPoint","urlTemplate":"https:\/\/www.alpina-leukerbad.ch\/?s={search_term_string}"},"query-input":{"@type":"PropertyValueSpecification","valueRequired":true,"valueName":"search_term_string"}}],"inLanguage":"fr-FR"},{"@type":"Organization","@id":"https:\/\/www.alpina-leukerbad.ch\/#organization","name":"Hotel Alpina Leukerbad","url":"https:\/\/www.alpina-leukerbad.ch\/","logo":{"@type":"ImageObject","inLanguage":"fr-FR","@id":"https:\/\/www.alpina-leukerbad.ch\/#\/schema\/logo\/image\/","url":"https:\/\/www.alpina-leukerbad.ch\/wp-content\/uploads\/2023\/02\/logo-hotel-alpina-leukerbad.svg","contentUrl":"https:\/\/www.alpina-leukerbad.ch\/wp-content\/uploads\/2023\/02\/logo-hotel-alpina-leukerbad.svg","width":418,"height":236,"caption":"Hotel Alpina Leukerbad"},"image":{"@id":"https:\/\/www.alpina-leukerbad.ch\/#\/schema\/logo\/image\/"}}]}},"_links":{"self":[{"href":"https:\/\/www.alpina-leukerbad.ch\/fr\/wp-json\/wp\/v2\/pages\/1198","targetHints":{"allow":["GET"]}}],"collection":[{"href":"https:\/\/www.alpina-leukerbad.ch\/fr\/wp-json\/wp\/v2\/pages"}],"about":[{"href":"https:\/\/www.alpina-leukerbad.ch\/fr\/wp-json\/wp\/v2\/types\/page"}],"author":[{"embeddable":true,"href":"https:\/\/www.alpina-leukerbad.ch\/fr\/wp-json\/wp\/v2\/users\/1"}],"replies":[{"embeddable":true,"href":"https:\/\/www.alpina-leukerbad.ch\/fr\/wp-json\/wp\/v2\/comments?post=1198"}],"version-history":[{"count":6,"href":"https:\/\/www.alpina-leukerbad.ch\/fr\/wp-json\/wp\/v2\/pages\/1198\/revisions"}],"predecessor-version":[{"id":3898,"href":"https:\/\/www.alpina-leukerbad.ch\/fr\/wp-json\/wp\/v2\/pages\/1198\/revisions\/3898"}],"wp:attachment":[{"href":"https:\/\/www.alpina-leukerbad.ch\/fr\/wp-json\/wp\/v2\/media?parent=1198"}],"curies":[{"name":"wp","href":"https:\/\/api.w.org\/{rel}","templated":true}]}}