{"id":1225,"date":"2023-02-10T09:08:15","date_gmt":"2023-02-10T09:08:15","guid":{"rendered":"https:\/\/www.alpina-leukerbad.ch\/spezialangebote\/"},"modified":"2025-11-19T13:49:46","modified_gmt":"2025-11-19T13:49:46","slug":"offres-speciales","status":"publish","type":"page","link":"https:\/\/www.alpina-leukerbad.ch\/fr\/offres-speciales\/","title":{"rendered":"Offres sp\u00e9ciales"},"content":{"rendered":"\t\t<div data-elementor-type=\"wp-page\" data-elementor-id=\"1225\" class=\"elementor elementor-1225 elementor-683\" data-elementor-post-type=\"page\">\n\t\t\t\t\t\t<section class=\"elementor-section elementor-top-section elementor-element elementor-element-885258a elementor-section-boxed elementor-section-height-default elementor-section-height-default\" data-id=\"885258a\" data-element_type=\"section\" data-e-type=\"section\">\n\t\t\t\t\t\t<div class=\"elementor-container elementor-column-gap-default\">\n\t\t\t\t\t<div class=\"elementor-column elementor-col-100 elementor-top-column elementor-element elementor-element-5f6460f\" data-id=\"5f6460f\" data-element_type=\"column\" data-e-type=\"column\">\n\t\t\t<div class=\"elementor-widget-wrap elementor-element-populated\">\n\t\t\t\t\t\t<div class=\"elementor-element elementor-element-4e2d778 elementor-widget elementor-widget-text-editor\" data-id=\"4e2d778\" data-element_type=\"widget\" data-e-type=\"widget\" data-widget_type=\"text-editor.default\">\n\t\t\t\t<div class=\"elementor-widget-container\">\n\t\t\t\t\t\t\t\t\t<h6>Profitez maintenant!<\/h6><h1>Offres sp\u00e9ciales<\/h1><p>R\u00e9servez d\u00e8s aujourd&rsquo;hui vos vacances \u00e0 l&rsquo;Hotel-Restaurant Alpina ou \u00e0 la maison d&rsquo;appartement Adora \u00e0 Lo\u00e8che-les-Bains et profitez de nos offres sp\u00e9ciales.<\/p>\t\t\t\t\t\t\t\t<\/div>\n\t\t\t\t<\/div>\n\t\t\t\t\t<\/div>\n\t\t<\/div>\n\t\t\t\t\t<\/div>\n\t\t<\/section>\n\t\t\t\t<section class=\"elementor-section elementor-top-section elementor-element elementor-element-a17f1a6 elementor-section-full_width elementor-section-height-min-height elementor-section-items-stretch conimg-section elementor-section-height-default\" data-id=\"a17f1a6\" data-element_type=\"section\" data-e-type=\"section\">\n\t\t\t\t\t\t<div class=\"elementor-container elementor-column-gap-default\">\n\t\t\t\t\t<div class=\"elementor-column elementor-col-50 elementor-top-column elementor-element elementor-element-a811c5e\" data-id=\"a811c5e\" data-element_type=\"column\" data-e-type=\"column\" data-settings=\"{&quot;background_background&quot;:&quot;classic&quot;}\">\n\t\t\t<div class=\"elementor-widget-wrap elementor-element-populated\">\n\t\t\t\t\t\t<div class=\"elementor-element elementor-element-1dd750d elementor-widget elementor-widget-spacer\" data-id=\"1dd750d\" data-element_type=\"widget\" data-e-type=\"widget\" data-widget_type=\"spacer.default\">\n\t\t\t\t<div class=\"elementor-widget-container\">\n\t\t\t\t\t\t\t<div class=\"elementor-spacer\">\n\t\t\t<div class=\"elementor-spacer-inner\"><\/div>\n\t\t<\/div>\n\t\t\t\t\t\t<\/div>\n\t\t\t\t<\/div>\n\t\t\t\t\t<\/div>\n\t\t<\/div>\n\t\t\t\t<div class=\"elementor-column elementor-col-50 elementor-top-column elementor-element elementor-element-35269ce\" data-id=\"35269ce\" data-element_type=\"column\" data-e-type=\"column\" data-settings=\"{&quot;background_background&quot;:&quot;classic&quot;}\">\n\t\t\t<div class=\"elementor-widget-wrap elementor-element-populated\">\n\t\t\t\t\t\t<div class=\"elementor-element elementor-element-0d1a0b3 elementor-widget elementor-widget-heading\" data-id=\"0d1a0b3\" data-element_type=\"widget\" data-e-type=\"widget\" data-widget_type=\"heading.default\">\n\t\t\t\t<div class=\"elementor-widget-container\">\n\t\t\t\t\t<h4 class=\"elementor-heading-title elementor-size-default\">Forfait Ski<\/h4>\t\t\t\t<\/div>\n\t\t\t\t<\/div>\n\t\t\t\t<div class=\"elementor-element elementor-element-9cd9b34 elementor-widget elementor-widget-text-editor\" data-id=\"9cd9b34\" data-element_type=\"widget\" data-e-type=\"widget\" data-widget_type=\"text-editor.default\">\n\t\t\t\t<div class=\"elementor-widget-container\">\n\t\t\t\t\t\t\t\t\t<ul><li>D\u00e8s 2 nuits (chambre au choix)<\/li><li>Petit-d\u00e9jeuner buffet<\/li><li>Forfait de ski pour 2 jours<\/li><\/ul><p>Prix p.P.: d\u00e8s CHF 130.00 par jour<\/p><p><strong>R\u00e9servable jusqu\u2018au 29 mars 2026<\/strong><\/p><p>\u00a0<\/p>\t\t\t\t\t\t\t\t<\/div>\n\t\t\t\t<\/div>\n\t\t\t\t<div class=\"elementor-element elementor-element-a209626 elementor-widget elementor-widget-button\" data-id=\"a209626\" data-element_type=\"widget\" data-e-type=\"widget\" data-widget_type=\"button.default\">\n\t\t\t\t<div class=\"elementor-widget-container\">\n\t\t\t\t\t\t\t\t\t<div class=\"elementor-button-wrapper\">\n\t\t\t\t\t<a class=\"elementor-button elementor-button-link elementor-size-sm\" href=\"https:\/\/www.alpina-leukerbad.ch\/fr\/offres-speciales\/pour-les-golfeurs\/\">\n\t\t\t\t\t\t<span class=\"elementor-button-content-wrapper\">\n\t\t\t\t\t\t\t\t\t<span class=\"elementor-button-text\">Voir l`offre<\/span>\n\t\t\t\t\t<\/span>\n\t\t\t\t\t<\/a>\n\t\t\t\t<\/div>\n\t\t\t\t\t\t\t\t<\/div>\n\t\t\t\t<\/div>\n\t\t\t\t\t<\/div>\n\t\t<\/div>\n\t\t\t\t\t<\/div>\n\t\t<\/section>\n\t\t\t\t<section class=\"elementor-section elementor-top-section elementor-element elementor-element-8b61a1f elementor-section-full_width elementor-section-height-min-height elementor-section-items-stretch conimg-section elementor-section-height-default\" data-id=\"8b61a1f\" data-element_type=\"section\" data-e-type=\"section\">\n\t\t\t\t\t\t<div class=\"elementor-container elementor-column-gap-default\">\n\t\t\t\t\t<div class=\"elementor-column elementor-col-50 elementor-top-column elementor-element elementor-element-2577f1d order-2\" data-id=\"2577f1d\" data-element_type=\"column\" data-e-type=\"column\" data-settings=\"{&quot;background_background&quot;:&quot;classic&quot;}\">\n\t\t\t<div class=\"elementor-widget-wrap elementor-element-populated\">\n\t\t\t\t\t\t<div class=\"elementor-element elementor-element-3fc98b2 elementor-widget elementor-widget-heading\" data-id=\"3fc98b2\" data-element_type=\"widget\" data-e-type=\"widget\" data-widget_type=\"heading.default\">\n\t\t\t\t<div class=\"elementor-widget-container\">\n\t\t\t\t\t<h4 class=\"elementor-heading-title elementor-size-default\">Alpina-Hit<\/h4>\t\t\t\t<\/div>\n\t\t\t\t<\/div>\n\t\t\t\t<div class=\"elementor-element elementor-element-3d1b044 elementor-widget elementor-widget-text-editor\" data-id=\"3d1b044\" data-element_type=\"widget\" data-e-type=\"widget\" data-widget_type=\"text-editor.default\">\n\t\t\t\t<div class=\"elementor-widget-container\">\n\t\t\t\t\t\t\t\t\t<p><strong>3 Nuits d\u00e8s CHF 255.00 p.P. (exkl. la taxe de s\u00e9jour)<\/strong><\/p><ul><li>Ap\u00e9ritif de bienvenue<\/li><li>3 nuits avec petit-d\u00e9jeuner buffet<\/li><li>1 aller-retour pour la Gemmi\u00a0<\/li><li>Card Plus de Lo\u00e8che-les-Bains : bus local<br \/>Ring-Jet de Lo\u00e8che-les-Bains et des lignes<br \/>de bus Lo\u00e8che-les-Bains \u2013 Flaschen Albinen<br \/>(Arbignon) et Lo\u00e8che-les-Bains \u2013 Inden.<br \/>Sportarena Lo\u00e8che-les-Bains (tennis, squash,<br \/>badminton, minigolf, tennis de table, patin \u00e0 glace, snowpark en hiver)<\/li><\/ul><p><strong>d\u00e8s. CHF 255.00 p.P. (exkl. la taxe de s\u00e9jour) sans entr\u00e9e \u00e0 la piscine<br \/><\/strong><strong>d\u00e8s. CHF 300.00 p.P. (exkl. la taxe de s\u00e9jour) incluant 2 entr\u00e9es aux Therme Lo\u00e8che-Les-Bains (3h)<\/strong><\/p><p>suppl\u00e9ment demi-pension: par jour CHF 35.00 p.P.<\/p><p>\u00a0<\/p><p><strong>5 Nuits d\u00e8s CHF 425.00 p.P. (exkl. la taxe de s\u00e9jour)<\/strong><\/p><ul><li>Ap\u00e9ritif de bienvenue<\/li><li>5 nuits avec petit-d\u00e9jeuner buffet<\/li><li>1 aller-retour pour la Gemmi\u00a0<\/li><li>Card Plus de Lo\u00e8che-les-Bains : bus local<br \/>Ring-Jet de Lo\u00e8che-les-Bains et des lignes<br \/>de bus Lo\u00e8che-les-Bains \u2013 Flaschen Albinen<br \/>(Arbignon) et Lo\u00e8che-les-Bains \u2013 Inden.<br \/>Sportarena Lo\u00e8che-les-Bains (tennis, squash,<br \/>badminton, minigolf, tennis de table, patin \u00e0 glace, snowpark en hiver)<\/li><\/ul><p><strong>d\u00e8s. CHF 425.00 p.P. (exkl. la taxe de s\u00e9jour) sans entr\u00e9e \u00e0 la piscine<br \/><\/strong><strong>d\u00e8s. CHF 515.00 p.P. (exkl. la taxe de s\u00e9jour) incluant 4 entr\u00e9es aux Therme Lo\u00e8che-Les-Bains (3h)<\/strong><\/p><p>suppl\u00e9ment demi-pension: par jour CHF 35.00 p.P.<\/p>\t\t\t\t\t\t\t\t<\/div>\n\t\t\t\t<\/div>\n\t\t\t\t<div class=\"elementor-element elementor-element-4543ba6 elementor-widget elementor-widget-button\" data-id=\"4543ba6\" data-element_type=\"widget\" data-e-type=\"widget\" data-widget_type=\"button.default\">\n\t\t\t\t<div class=\"elementor-widget-container\">\n\t\t\t\t\t\t\t\t\t<div class=\"elementor-button-wrapper\">\n\t\t\t\t\t<a class=\"elementor-button elementor-button-link elementor-size-sm\" href=\"https:\/\/www.alpina-leukerbad.ch\/fr\/offres-speciales\/alpina-hit\/\">\n\t\t\t\t\t\t<span class=\"elementor-button-content-wrapper\">\n\t\t\t\t\t\t\t\t\t<span class=\"elementor-button-text\">Voir l`offre<\/span>\n\t\t\t\t\t<\/span>\n\t\t\t\t\t<\/a>\n\t\t\t\t<\/div>\n\t\t\t\t\t\t\t\t<\/div>\n\t\t\t\t<\/div>\n\t\t\t\t\t<\/div>\n\t\t<\/div>\n\t\t\t\t<div class=\"elementor-column elementor-col-50 elementor-top-column elementor-element elementor-element-071faba order-1\" data-id=\"071faba\" data-element_type=\"column\" data-e-type=\"column\" data-settings=\"{&quot;background_background&quot;:&quot;classic&quot;}\">\n\t\t\t<div class=\"elementor-widget-wrap elementor-element-populated\">\n\t\t\t\t\t\t<div class=\"elementor-element elementor-element-2bc2d2d elementor-widget elementor-widget-spacer\" data-id=\"2bc2d2d\" data-element_type=\"widget\" data-e-type=\"widget\" data-widget_type=\"spacer.default\">\n\t\t\t\t<div class=\"elementor-widget-container\">\n\t\t\t\t\t\t\t<div class=\"elementor-spacer\">\n\t\t\t<div class=\"elementor-spacer-inner\"><\/div>\n\t\t<\/div>\n\t\t\t\t\t\t<\/div>\n\t\t\t\t<\/div>\n\t\t\t\t\t<\/div>\n\t\t<\/div>\n\t\t\t\t\t<\/div>\n\t\t<\/section>\n\t\t\t\t<section class=\"elementor-section elementor-top-section elementor-element elementor-element-f10cfa1 elementor-section-full_width elementor-section-height-min-height elementor-section-items-stretch conimg-section elementor-section-height-default\" data-id=\"f10cfa1\" data-element_type=\"section\" data-e-type=\"section\">\n\t\t\t\t\t\t<div class=\"elementor-container elementor-column-gap-default\">\n\t\t\t\t\t<div class=\"elementor-column elementor-col-50 elementor-top-column elementor-element elementor-element-9544bb3\" data-id=\"9544bb3\" data-element_type=\"column\" data-e-type=\"column\" data-settings=\"{&quot;background_background&quot;:&quot;classic&quot;}\">\n\t\t\t<div class=\"elementor-widget-wrap elementor-element-populated\">\n\t\t\t\t\t\t<div class=\"elementor-element elementor-element-ffe3613 elementor-widget elementor-widget-spacer\" data-id=\"ffe3613\" data-element_type=\"widget\" data-e-type=\"widget\" data-widget_type=\"spacer.default\">\n\t\t\t\t<div class=\"elementor-widget-container\">\n\t\t\t\t\t\t\t<div class=\"elementor-spacer\">\n\t\t\t<div class=\"elementor-spacer-inner\"><\/div>\n\t\t<\/div>\n\t\t\t\t\t\t<\/div>\n\t\t\t\t<\/div>\n\t\t\t\t\t<\/div>\n\t\t<\/div>\n\t\t\t\t<div class=\"elementor-column elementor-col-50 elementor-top-column elementor-element elementor-element-31761cb\" data-id=\"31761cb\" data-element_type=\"column\" data-e-type=\"column\" data-settings=\"{&quot;background_background&quot;:&quot;classic&quot;}\">\n\t\t\t<div class=\"elementor-widget-wrap elementor-element-populated\">\n\t\t\t\t\t\t<div class=\"elementor-element elementor-element-45fb091 elementor-widget elementor-widget-heading\" data-id=\"45fb091\" data-element_type=\"widget\" data-e-type=\"widget\" data-widget_type=\"heading.default\">\n\t\t\t\t<div class=\"elementor-widget-container\">\n\t\t\t\t\t<h4 class=\"elementor-heading-title elementor-size-default\">D\u00e9gustation de vins<\/h4>\t\t\t\t<\/div>\n\t\t\t\t<\/div>\n\t\t\t\t<div class=\"elementor-element elementor-element-cb92137 elementor-widget elementor-widget-text-editor\" data-id=\"cb92137\" data-element_type=\"widget\" data-e-type=\"widget\" data-widget_type=\"text-editor.default\">\n\t\t\t\t<div class=\"elementor-widget-container\">\n\t\t\t\t\t\t\t\t\t<p><span class=\"tlid-translation translation\" lang=\"fr\"><span class=\"\" title=\"\">D\u00e9gustation de vins \u00e0 partir de 6 personnes dans une cave locale avec le chef junior.<\/span> <span title=\"\">Passez une merveilleuse journ\u00e9e avec une raclette et une belle goutte de vin du Valais.<\/span><\/span><\/p>\t\t\t\t\t\t\t\t<\/div>\n\t\t\t\t<\/div>\n\t\t\t\t<div class=\"elementor-element elementor-element-77fbebf elementor-widget elementor-widget-button\" data-id=\"77fbebf\" data-element_type=\"widget\" data-e-type=\"widget\" data-widget_type=\"button.default\">\n\t\t\t\t<div class=\"elementor-widget-container\">\n\t\t\t\t\t\t\t\t\t<div class=\"elementor-button-wrapper\">\n\t\t\t\t\t<a class=\"elementor-button elementor-button-link elementor-size-sm\" href=\"https:\/\/www.alpina-leukerbad.ch\/fr\/offres-speciales\/degustation-de-vins\/\">\n\t\t\t\t\t\t<span class=\"elementor-button-content-wrapper\">\n\t\t\t\t\t\t\t\t\t<span class=\"elementor-button-text\">Voir l`offre<\/span>\n\t\t\t\t\t<\/span>\n\t\t\t\t\t<\/a>\n\t\t\t\t<\/div>\n\t\t\t\t\t\t\t\t<\/div>\n\t\t\t\t<\/div>\n\t\t\t\t\t<\/div>\n\t\t<\/div>\n\t\t\t\t\t<\/div>\n\t\t<\/section>\n\t\t\t\t<\/div>\n\t\t","protected":false},"excerpt":{"rendered":"<p>Profitez maintenant! Offres sp\u00e9ciales R\u00e9servez d\u00e8s aujourd&rsquo;hui vos vacances \u00e0 l&rsquo;Hotel-Restaurant Alpina ou \u00e0 la maison d&rsquo;appartement Adora \u00e0 Lo\u00e8che-les-Bains et profitez de nos offres sp\u00e9ciales. Forfait Ski D\u00e8s 2 nuits (chambre au choix) Petit-d\u00e9jeuner buffet Forfait de ski pour 2 jours Prix p.P.: d\u00e8s CHF 130.00 par jour R\u00e9servable jusqu\u2018au 29 mars 2026 \u00a0 [&hellip;]<\/p>\n","protected":false},"author":1,"featured_media":0,"parent":0,"menu_order":0,"comment_status":"closed","ping_status":"closed","template":"","meta":{"_acf_changed":false,"inline_featured_image":false,"footnotes":""},"class_list":["post-1225","page","type-page","status-publish","hentry"],"acf":[],"yoast_head":"<!-- This site is optimized with the Yoast SEO plugin v27.3 - https:\/\/yoast.com\/product\/yoast-seo-wordpress\/ -->\n<title>Visiter et profiter - Offres sp\u00e9ciales \u00e0 l&#039;H\u00f4tel Alpina \u00e0 Lo\u00e8che-les-Bains<\/title>\n<meta name=\"description\" content=\"R\u00e9servez d\u00e8s aujourd\u2019hui vos vacances \u00e0 l\u2019Hotel-Restaurant Alpina ou \u00e0 la maison d\u2019appartement Adora \u00e0 Lo\u00e8che-les-Bains et profitez de nos offres sp\u00e9ciales.\" \/>\n<meta name=\"robots\" content=\"index, follow, max-snippet:-1, max-image-preview:large, max-video-preview:-1\" \/>\n<link rel=\"canonical\" href=\"https:\/\/www.alpina-leukerbad.ch\/fr\/offres-speciales\/\" \/>\n<meta property=\"og:locale\" content=\"fr_FR\" \/>\n<meta property=\"og:type\" content=\"article\" \/>\n<meta property=\"og:title\" content=\"Visiter et profiter - Offres sp\u00e9ciales \u00e0 l&#039;H\u00f4tel Alpina \u00e0 Lo\u00e8che-les-Bains\" \/>\n<meta property=\"og:description\" content=\"R\u00e9servez d\u00e8s aujourd\u2019hui vos vacances \u00e0 l\u2019Hotel-Restaurant Alpina ou \u00e0 la maison d\u2019appartement Adora \u00e0 Lo\u00e8che-les-Bains et profitez de nos offres sp\u00e9ciales.\" \/>\n<meta property=\"og:url\" content=\"https:\/\/www.alpina-leukerbad.ch\/fr\/offres-speciales\/\" \/>\n<meta property=\"og:site_name\" content=\"Hotel Alpina Leukerbad\" \/>\n<meta property=\"article:modified_time\" content=\"2025-11-19T13:49:46+00:00\" \/>\n<meta name=\"twitter:card\" content=\"summary_large_image\" \/>\n<meta name=\"twitter:label1\" content=\"Dur\u00e9e de lecture estim\u00e9e\" \/>\n\t<meta name=\"twitter:data1\" content=\"2 minutes\" \/>\n<script type=\"application\/ld+json\" class=\"yoast-schema-graph\">{\"@context\":\"https:\\\/\\\/schema.org\",\"@graph\":[{\"@type\":\"WebPage\",\"@id\":\"https:\\\/\\\/www.alpina-leukerbad.ch\\\/fr\\\/offres-speciales\\\/\",\"url\":\"https:\\\/\\\/www.alpina-leukerbad.ch\\\/fr\\\/offres-speciales\\\/\",\"name\":\"Visiter et profiter - Offres sp\u00e9ciales \u00e0 l'H\u00f4tel Alpina \u00e0 Lo\u00e8che-les-Bains\",\"isPartOf\":{\"@id\":\"https:\\\/\\\/www.alpina-leukerbad.ch\\\/#website\"},\"datePublished\":\"2023-02-10T09:08:15+00:00\",\"dateModified\":\"2025-11-19T13:49:46+00:00\",\"description\":\"R\u00e9servez d\u00e8s aujourd\u2019hui vos vacances \u00e0 l\u2019Hotel-Restaurant Alpina ou \u00e0 la maison d\u2019appartement Adora \u00e0 Lo\u00e8che-les-Bains et profitez de nos offres sp\u00e9ciales.\",\"breadcrumb\":{\"@id\":\"https:\\\/\\\/www.alpina-leukerbad.ch\\\/fr\\\/offres-speciales\\\/#breadcrumb\"},\"inLanguage\":\"fr-FR\",\"potentialAction\":[{\"@type\":\"ReadAction\",\"target\":[\"https:\\\/\\\/www.alpina-leukerbad.ch\\\/fr\\\/offres-speciales\\\/\"]}]},{\"@type\":\"BreadcrumbList\",\"@id\":\"https:\\\/\\\/www.alpina-leukerbad.ch\\\/fr\\\/offres-speciales\\\/#breadcrumb\",\"itemListElement\":[{\"@type\":\"ListItem\",\"position\":1,\"name\":\"Startseite\",\"item\":\"https:\\\/\\\/www.alpina-leukerbad.ch\\\/fr\\\/\"},{\"@type\":\"ListItem\",\"position\":2,\"name\":\"Offres sp\u00e9ciales\"}]},{\"@type\":\"WebSite\",\"@id\":\"https:\\\/\\\/www.alpina-leukerbad.ch\\\/#website\",\"url\":\"https:\\\/\\\/www.alpina-leukerbad.ch\\\/\",\"name\":\"Hotel Alpina Leukerbad\",\"description\":\"Famili\u00e4res Hotel im Herzen von Leukerbad\",\"publisher\":{\"@id\":\"https:\\\/\\\/www.alpina-leukerbad.ch\\\/#organization\"},\"potentialAction\":[{\"@type\":\"SearchAction\",\"target\":{\"@type\":\"EntryPoint\",\"urlTemplate\":\"https:\\\/\\\/www.alpina-leukerbad.ch\\\/?s={search_term_string}\"},\"query-input\":{\"@type\":\"PropertyValueSpecification\",\"valueRequired\":true,\"valueName\":\"search_term_string\"}}],\"inLanguage\":\"fr-FR\"},{\"@type\":\"Organization\",\"@id\":\"https:\\\/\\\/www.alpina-leukerbad.ch\\\/#organization\",\"name\":\"Hotel Alpina Leukerbad\",\"url\":\"https:\\\/\\\/www.alpina-leukerbad.ch\\\/\",\"logo\":{\"@type\":\"ImageObject\",\"inLanguage\":\"fr-FR\",\"@id\":\"https:\\\/\\\/www.alpina-leukerbad.ch\\\/#\\\/schema\\\/logo\\\/image\\\/\",\"url\":\"https:\\\/\\\/www.alpina-leukerbad.ch\\\/wp-content\\\/uploads\\\/2023\\\/02\\\/logo-hotel-alpina-leukerbad.svg\",\"contentUrl\":\"https:\\\/\\\/www.alpina-leukerbad.ch\\\/wp-content\\\/uploads\\\/2023\\\/02\\\/logo-hotel-alpina-leukerbad.svg\",\"width\":418,\"height\":236,\"caption\":\"Hotel Alpina Leukerbad\"},\"image\":{\"@id\":\"https:\\\/\\\/www.alpina-leukerbad.ch\\\/#\\\/schema\\\/logo\\\/image\\\/\"}}]}<\/script>\n<!-- \/ Yoast SEO plugin. -->","yoast_head_json":{"title":"Visiter et profiter - Offres sp\u00e9ciales \u00e0 l'H\u00f4tel Alpina \u00e0 Lo\u00e8che-les-Bains","description":"R\u00e9servez d\u00e8s aujourd\u2019hui vos vacances \u00e0 l\u2019Hotel-Restaurant Alpina ou \u00e0 la maison d\u2019appartement Adora \u00e0 Lo\u00e8che-les-Bains et profitez de nos offres sp\u00e9ciales.","robots":{"index":"index","follow":"follow","max-snippet":"max-snippet:-1","max-image-preview":"max-image-preview:large","max-video-preview":"max-video-preview:-1"},"canonical":"https:\/\/www.alpina-leukerbad.ch\/fr\/offres-speciales\/","og_locale":"fr_FR","og_type":"article","og_title":"Visiter et profiter - Offres sp\u00e9ciales \u00e0 l'H\u00f4tel Alpina \u00e0 Lo\u00e8che-les-Bains","og_description":"R\u00e9servez d\u00e8s aujourd\u2019hui vos vacances \u00e0 l\u2019Hotel-Restaurant Alpina ou \u00e0 la maison d\u2019appartement Adora \u00e0 Lo\u00e8che-les-Bains et profitez de nos offres sp\u00e9ciales.","og_url":"https:\/\/www.alpina-leukerbad.ch\/fr\/offres-speciales\/","og_site_name":"Hotel Alpina Leukerbad","article_modified_time":"2025-11-19T13:49:46+00:00","twitter_card":"summary_large_image","twitter_misc":{"Dur\u00e9e de lecture estim\u00e9e":"2 minutes"},"schema":{"@context":"https:\/\/schema.org","@graph":[{"@type":"WebPage","@id":"https:\/\/www.alpina-leukerbad.ch\/fr\/offres-speciales\/","url":"https:\/\/www.alpina-leukerbad.ch\/fr\/offres-speciales\/","name":"Visiter et profiter - Offres sp\u00e9ciales \u00e0 l'H\u00f4tel Alpina \u00e0 Lo\u00e8che-les-Bains","isPartOf":{"@id":"https:\/\/www.alpina-leukerbad.ch\/#website"},"datePublished":"2023-02-10T09:08:15+00:00","dateModified":"2025-11-19T13:49:46+00:00","description":"R\u00e9servez d\u00e8s aujourd\u2019hui vos vacances \u00e0 l\u2019Hotel-Restaurant Alpina ou \u00e0 la maison d\u2019appartement Adora \u00e0 Lo\u00e8che-les-Bains et profitez de nos offres sp\u00e9ciales.","breadcrumb":{"@id":"https:\/\/www.alpina-leukerbad.ch\/fr\/offres-speciales\/#breadcrumb"},"inLanguage":"fr-FR","potentialAction":[{"@type":"ReadAction","target":["https:\/\/www.alpina-leukerbad.ch\/fr\/offres-speciales\/"]}]},{"@type":"BreadcrumbList","@id":"https:\/\/www.alpina-leukerbad.ch\/fr\/offres-speciales\/#breadcrumb","itemListElement":[{"@type":"ListItem","position":1,"name":"Startseite","item":"https:\/\/www.alpina-leukerbad.ch\/fr\/"},{"@type":"ListItem","position":2,"name":"Offres sp\u00e9ciales"}]},{"@type":"WebSite","@id":"https:\/\/www.alpina-leukerbad.ch\/#website","url":"https:\/\/www.alpina-leukerbad.ch\/","name":"Hotel Alpina Leukerbad","description":"Famili\u00e4res Hotel im Herzen von Leukerbad","publisher":{"@id":"https:\/\/www.alpina-leukerbad.ch\/#organization"},"potentialAction":[{"@type":"SearchAction","target":{"@type":"EntryPoint","urlTemplate":"https:\/\/www.alpina-leukerbad.ch\/?s={search_term_string}"},"query-input":{"@type":"PropertyValueSpecification","valueRequired":true,"valueName":"search_term_string"}}],"inLanguage":"fr-FR"},{"@type":"Organization","@id":"https:\/\/www.alpina-leukerbad.ch\/#organization","name":"Hotel Alpina Leukerbad","url":"https:\/\/www.alpina-leukerbad.ch\/","logo":{"@type":"ImageObject","inLanguage":"fr-FR","@id":"https:\/\/www.alpina-leukerbad.ch\/#\/schema\/logo\/image\/","url":"https:\/\/www.alpina-leukerbad.ch\/wp-content\/uploads\/2023\/02\/logo-hotel-alpina-leukerbad.svg","contentUrl":"https:\/\/www.alpina-leukerbad.ch\/wp-content\/uploads\/2023\/02\/logo-hotel-alpina-leukerbad.svg","width":418,"height":236,"caption":"Hotel Alpina Leukerbad"},"image":{"@id":"https:\/\/www.alpina-leukerbad.ch\/#\/schema\/logo\/image\/"}}]}},"_links":{"self":[{"href":"https:\/\/www.alpina-leukerbad.ch\/fr\/wp-json\/wp\/v2\/pages\/1225","targetHints":{"allow":["GET"]}}],"collection":[{"href":"https:\/\/www.alpina-leukerbad.ch\/fr\/wp-json\/wp\/v2\/pages"}],"about":[{"href":"https:\/\/www.alpina-leukerbad.ch\/fr\/wp-json\/wp\/v2\/types\/page"}],"author":[{"embeddable":true,"href":"https:\/\/www.alpina-leukerbad.ch\/fr\/wp-json\/wp\/v2\/users\/1"}],"replies":[{"embeddable":true,"href":"https:\/\/www.alpina-leukerbad.ch\/fr\/wp-json\/wp\/v2\/comments?post=1225"}],"version-history":[{"count":11,"href":"https:\/\/www.alpina-leukerbad.ch\/fr\/wp-json\/wp\/v2\/pages\/1225\/revisions"}],"predecessor-version":[{"id":3947,"href":"https:\/\/www.alpina-leukerbad.ch\/fr\/wp-json\/wp\/v2\/pages\/1225\/revisions\/3947"}],"wp:attachment":[{"href":"https:\/\/www.alpina-leukerbad.ch\/fr\/wp-json\/wp\/v2\/media?parent=1225"}],"curies":[{"name":"wp","href":"https:\/\/api.w.org\/{rel}","templated":true}]}}