{"id":1287,"date":"2023-02-10T12:40:28","date_gmt":"2023-02-10T12:40:28","guid":{"rendered":"https:\/\/www.alpina-leukerbad.ch\/offres-speciales\/golfer\/"},"modified":"2023-04-13T08:30:50","modified_gmt":"2023-04-13T08:30:50","slug":"pour-les-golfeurs","status":"publish","type":"page","link":"https:\/\/www.alpina-leukerbad.ch\/fr\/offres-speciales\/pour-les-golfeurs\/","title":{"rendered":"Pour les golfeurs"},"content":{"rendered":"\t\t<div data-elementor-type=\"wp-page\" data-elementor-id=\"1287\" class=\"elementor elementor-1287 elementor-852\" data-elementor-post-type=\"page\">\n\t\t\t\t\t\t<section class=\"elementor-section elementor-top-section elementor-element elementor-element-885258a elementor-section-boxed elementor-section-height-default elementor-section-height-default\" data-id=\"885258a\" data-element_type=\"section\" data-e-type=\"section\">\n\t\t\t\t\t\t<div class=\"elementor-container elementor-column-gap-default\">\n\t\t\t\t\t<div class=\"elementor-column elementor-col-50 elementor-top-column elementor-element elementor-element-5f6460f\" data-id=\"5f6460f\" data-element_type=\"column\" data-e-type=\"column\">\n\t\t\t<div class=\"elementor-widget-wrap elementor-element-populated\">\n\t\t\t\t\t\t<div class=\"elementor-element elementor-element-4e2d778 elementor-widget elementor-widget-text-editor\" data-id=\"4e2d778\" data-element_type=\"widget\" data-e-type=\"widget\" data-widget_type=\"text-editor.default\">\n\t\t\t\t<div class=\"elementor-widget-container\">\n\t\t\t\t\t\t\t\t\t<h1>Pour les golfeurs<\/h1><p>Plus d&rsquo;informations \u00e0 la r\u00e9ception.<\/p>\t\t\t\t\t\t\t\t<\/div>\n\t\t\t\t<\/div>\n\t\t\t\t\t<\/div>\n\t\t<\/div>\n\t\t\t\t<div class=\"elementor-column elementor-col-50 elementor-top-column elementor-element elementor-element-2a3e1ad\" data-id=\"2a3e1ad\" data-element_type=\"column\" data-e-type=\"column\">\n\t\t\t<div class=\"elementor-widget-wrap elementor-element-populated\">\n\t\t\t\t\t\t<div class=\"elementor-element elementor-element-5c65554 elementor-widget__width-auto elementor-widget elementor-widget-text-editor\" data-id=\"5c65554\" data-element_type=\"widget\" data-e-type=\"widget\" data-widget_type=\"text-editor.default\">\n\t\t\t\t<div class=\"elementor-widget-container\">\n\t\t\t\t\t\t\t\t\t<p><a href=\"https:\/\/www.alpina-leukerbad.ch\/fr\/offres-speciales\/\">Voir les offres sp\u00e9ciales<\/a><\/p>\t\t\t\t\t\t\t\t<\/div>\n\t\t\t\t<\/div>\n\t\t\t\t\t<\/div>\n\t\t<\/div>\n\t\t\t\t\t<\/div>\n\t\t<\/section>\n\t\t\t\t<section class=\"elementor-section elementor-top-section elementor-element elementor-element-9e48531 elementor-section-full_width elementor-section-height-min-height elementor-section-items-stretch elementor-section-height-default\" data-id=\"9e48531\" data-element_type=\"section\" data-e-type=\"section\">\n\t\t\t\t\t\t<div class=\"elementor-container elementor-column-gap-default\">\n\t\t\t\t\t<div class=\"elementor-column elementor-col-50 elementor-top-column elementor-element elementor-element-e54b177 order-2\" data-id=\"e54b177\" data-element_type=\"column\" data-e-type=\"column\" data-settings=\"{&quot;background_background&quot;:&quot;classic&quot;}\">\n\t\t\t<div class=\"elementor-widget-wrap elementor-element-populated\">\n\t\t\t\t\t\t<div class=\"elementor-element elementor-element-4b12d62 elementor-widget elementor-widget-heading\" data-id=\"4b12d62\" data-element_type=\"widget\" data-e-type=\"widget\" data-widget_type=\"heading.default\">\n\t\t\t\t<div class=\"elementor-widget-container\">\n\t\t\t\t\t<h4 class=\"elementor-heading-title elementor-size-default\">Pour les golfeurs<\/h4>\t\t\t\t<\/div>\n\t\t\t\t<\/div>\n\t\t\t\t<div class=\"elementor-element elementor-element-54f4095 elementor-widget elementor-widget-text-editor\" data-id=\"54f4095\" data-element_type=\"widget\" data-e-type=\"widget\" data-widget_type=\"text-editor.default\">\n\t\t\t\t<div class=\"elementor-widget-container\">\n\t\t\t\t\t\t\t\t\t<p><span class=\"tlid-translation translation\" lang=\"en\"><span title=\"\"><span class=\"tlid-translation translation\" lang=\"fr\"><span class=\"\" title=\"\">Les clients de l\u2019h\u00f4tel b\u00e9n\u00e9ficient de r\u00e9ductions sur les green fees au parcours de golf de Leuk.<\/span> Pour plus d\u2019informations, veuillez contacter la r\u00e9ception.<\/span><\/span><\/span><\/p>\t\t\t\t\t\t\t\t<\/div>\n\t\t\t\t<\/div>\n\t\t\t\t\t<\/div>\n\t\t<\/div>\n\t\t\t\t<div class=\"elementor-column elementor-col-50 elementor-top-column elementor-element elementor-element-ecb160d order-1\" data-id=\"ecb160d\" data-element_type=\"column\" data-e-type=\"column\" data-settings=\"{&quot;background_background&quot;:&quot;classic&quot;}\">\n\t\t\t<div class=\"elementor-widget-wrap elementor-element-populated\">\n\t\t\t\t\t\t<div class=\"elementor-element elementor-element-13efdba elementor-widget elementor-widget-spacer\" data-id=\"13efdba\" data-element_type=\"widget\" data-e-type=\"widget\" data-widget_type=\"spacer.default\">\n\t\t\t\t<div class=\"elementor-widget-container\">\n\t\t\t\t\t\t\t<div class=\"elementor-spacer\">\n\t\t\t<div class=\"elementor-spacer-inner\"><\/div>\n\t\t<\/div>\n\t\t\t\t\t\t<\/div>\n\t\t\t\t<\/div>\n\t\t\t\t\t<\/div>\n\t\t<\/div>\n\t\t\t\t\t<\/div>\n\t\t<\/section>\n\t\t\t\t<section class=\"elementor-section elementor-top-section elementor-element elementor-element-3df7ed9 elementor-section-full_width contactbox elementor-section-height-default elementor-section-height-default\" data-id=\"3df7ed9\" data-element_type=\"section\" data-e-type=\"section\" data-settings=\"{&quot;background_background&quot;:&quot;classic&quot;}\">\n\t\t\t\t\t\t<div class=\"elementor-container elementor-column-gap-default\">\n\t\t\t\t\t<div class=\"elementor-column elementor-col-50 elementor-top-column elementor-element elementor-element-92ba104\" data-id=\"92ba104\" data-element_type=\"column\" data-e-type=\"column\">\n\t\t\t<div class=\"elementor-widget-wrap elementor-element-populated\">\n\t\t\t\t\t\t<div class=\"elementor-element elementor-element-7222684 elementor-widget elementor-widget-text-editor\" data-id=\"7222684\" data-element_type=\"widget\" data-e-type=\"widget\" data-widget_type=\"text-editor.default\">\n\t\t\t\t<div class=\"elementor-widget-container\">\n\t\t\t\t\t\t\t\t\t<h5><strong>Contact<\/strong><\/h5><p>Pour plus d&rsquo;informations, veuillez nous contacter.<\/p>\t\t\t\t\t\t\t\t<\/div>\n\t\t\t\t<\/div>\n\t\t\t\t\t<\/div>\n\t\t<\/div>\n\t\t\t\t<div class=\"elementor-column elementor-col-50 elementor-top-column elementor-element elementor-element-92ba993\" data-id=\"92ba993\" data-element_type=\"column\" data-e-type=\"column\">\n\t\t\t<div class=\"elementor-widget-wrap elementor-element-populated\">\n\t\t\t\t\t\t<div class=\"elementor-element elementor-element-9f52228 elementor-position-inline-start elementor-view-default elementor-mobile-position-block-start elementor-widget elementor-widget-icon-box\" data-id=\"9f52228\" data-element_type=\"widget\" data-e-type=\"widget\" data-widget_type=\"icon-box.default\">\n\t\t\t\t<div class=\"elementor-widget-container\">\n\t\t\t\t\t\t\t<div class=\"elementor-icon-box-wrapper\">\n\n\t\t\t\t\t\t<div class=\"elementor-icon-box-icon\">\n\t\t\t\t<span  class=\"elementor-icon\">\n\t\t\t\t<i aria-hidden=\"true\" class=\"fas fa-phone\"><\/i>\t\t\t\t<\/span>\n\t\t\t<\/div>\n\t\t\t\n\t\t\t\t\t\t<div class=\"elementor-icon-box-content\">\n\n\t\t\t\t\n\t\t\t\t\t\t\t\t\t<p class=\"elementor-icon-box-description\">\n\t\t\t\t\t\t027 472 27 27\t\t\t\t\t<\/p>\n\t\t\t\t\n\t\t\t<\/div>\n\t\t\t\n\t\t<\/div>\n\t\t\t\t\t\t<\/div>\n\t\t\t\t<\/div>\n\t\t\t\t<div class=\"elementor-element elementor-element-4750ef0 elementor-position-inline-start elementor-view-default elementor-mobile-position-block-start elementor-widget elementor-widget-icon-box\" data-id=\"4750ef0\" data-element_type=\"widget\" data-e-type=\"widget\" data-widget_type=\"icon-box.default\">\n\t\t\t\t<div class=\"elementor-widget-container\">\n\t\t\t\t\t\t\t<div class=\"elementor-icon-box-wrapper\">\n\n\t\t\t\t\t\t<div class=\"elementor-icon-box-icon\">\n\t\t\t\t<span  class=\"elementor-icon\">\n\t\t\t\t<i aria-hidden=\"true\" class=\"fas fa-envelope\"><\/i>\t\t\t\t<\/span>\n\t\t\t<\/div>\n\t\t\t\n\t\t\t\t\t\t<div class=\"elementor-icon-box-content\">\n\n\t\t\t\t\n\t\t\t\t\t\t\t\t\t<p class=\"elementor-icon-box-description\">\n\t\t\t\t\t\tinfo@alpina-leukerbad.ch\t\t\t\t\t<\/p>\n\t\t\t\t\n\t\t\t<\/div>\n\t\t\t\n\t\t<\/div>\n\t\t\t\t\t\t<\/div>\n\t\t\t\t<\/div>\n\t\t\t\t\t<\/div>\n\t\t<\/div>\n\t\t\t\t\t<\/div>\n\t\t<\/section>\n\t\t\t\t<\/div>\n\t\t","protected":false},"excerpt":{"rendered":"<p>Pour les golfeurs Plus d&rsquo;informations \u00e0 la r\u00e9ception. Voir les offres sp\u00e9ciales Pour les golfeurs Les clients de l\u2019h\u00f4tel b\u00e9n\u00e9ficient de r\u00e9ductions sur les green fees au parcours de golf de Leuk. Pour plus d\u2019informations, veuillez contacter la r\u00e9ception. Contact Pour plus d&rsquo;informations, veuillez nous contacter. 027 472 27 27 info@alpina-leukerbad.ch<\/p>\n","protected":false},"author":1,"featured_media":0,"parent":1225,"menu_order":0,"comment_status":"closed","ping_status":"closed","template":"","meta":{"_acf_changed":false,"inline_featured_image":false,"footnotes":""},"class_list":["post-1287","page","type-page","status-publish","hentry"],"acf":[],"yoast_head":"<!-- This site is optimized with the Yoast SEO plugin v27.3 - https:\/\/yoast.com\/product\/yoast-seo-wordpress\/ -->\n<title>Pour les golfeurs - Hotel Alpina Leukerbad<\/title>\n<meta name=\"robots\" content=\"index, follow, max-snippet:-1, max-image-preview:large, max-video-preview:-1\" \/>\n<link rel=\"canonical\" href=\"https:\/\/www.alpina-leukerbad.ch\/fr\/offres-speciales\/pour-les-golfeurs\/\" \/>\n<meta property=\"og:locale\" content=\"fr_FR\" \/>\n<meta property=\"og:type\" content=\"article\" \/>\n<meta property=\"og:title\" content=\"Pour les golfeurs - Hotel Alpina Leukerbad\" \/>\n<meta property=\"og:description\" content=\"Pour les golfeurs Plus d&rsquo;informations \u00e0 la r\u00e9ception. Voir les offres sp\u00e9ciales Pour les golfeurs Les clients de l\u2019h\u00f4tel b\u00e9n\u00e9ficient de r\u00e9ductions sur les green fees au parcours de golf de Leuk. Pour plus d\u2019informations, veuillez contacter la r\u00e9ception. Contact Pour plus d&rsquo;informations, veuillez nous contacter. 027 472 27 27 info@alpina-leukerbad.ch\" \/>\n<meta property=\"og:url\" content=\"https:\/\/www.alpina-leukerbad.ch\/fr\/offres-speciales\/pour-les-golfeurs\/\" \/>\n<meta property=\"og:site_name\" content=\"Hotel Alpina Leukerbad\" \/>\n<meta property=\"article:modified_time\" content=\"2023-04-13T08:30:50+00:00\" \/>\n<meta name=\"twitter:card\" content=\"summary_large_image\" \/>\n<script type=\"application\/ld+json\" class=\"yoast-schema-graph\">{\"@context\":\"https:\\\/\\\/schema.org\",\"@graph\":[{\"@type\":\"WebPage\",\"@id\":\"https:\\\/\\\/www.alpina-leukerbad.ch\\\/fr\\\/offres-speciales\\\/pour-les-golfeurs\\\/\",\"url\":\"https:\\\/\\\/www.alpina-leukerbad.ch\\\/fr\\\/offres-speciales\\\/pour-les-golfeurs\\\/\",\"name\":\"Pour les golfeurs - Hotel Alpina Leukerbad\",\"isPartOf\":{\"@id\":\"https:\\\/\\\/www.alpina-leukerbad.ch\\\/#website\"},\"datePublished\":\"2023-02-10T12:40:28+00:00\",\"dateModified\":\"2023-04-13T08:30:50+00:00\",\"breadcrumb\":{\"@id\":\"https:\\\/\\\/www.alpina-leukerbad.ch\\\/fr\\\/offres-speciales\\\/pour-les-golfeurs\\\/#breadcrumb\"},\"inLanguage\":\"fr-FR\",\"potentialAction\":[{\"@type\":\"ReadAction\",\"target\":[\"https:\\\/\\\/www.alpina-leukerbad.ch\\\/fr\\\/offres-speciales\\\/pour-les-golfeurs\\\/\"]}]},{\"@type\":\"BreadcrumbList\",\"@id\":\"https:\\\/\\\/www.alpina-leukerbad.ch\\\/fr\\\/offres-speciales\\\/pour-les-golfeurs\\\/#breadcrumb\",\"itemListElement\":[{\"@type\":\"ListItem\",\"position\":1,\"name\":\"Startseite\",\"item\":\"https:\\\/\\\/www.alpina-leukerbad.ch\\\/fr\\\/\"},{\"@type\":\"ListItem\",\"position\":2,\"name\":\"Offres sp\u00e9ciales\",\"item\":\"https:\\\/\\\/www.alpina-leukerbad.ch\\\/fr\\\/offres-speciales\\\/\"},{\"@type\":\"ListItem\",\"position\":3,\"name\":\"Pour les golfeurs\"}]},{\"@type\":\"WebSite\",\"@id\":\"https:\\\/\\\/www.alpina-leukerbad.ch\\\/#website\",\"url\":\"https:\\\/\\\/www.alpina-leukerbad.ch\\\/\",\"name\":\"Hotel Alpina Leukerbad\",\"description\":\"Famili\u00e4res Hotel im Herzen von Leukerbad\",\"publisher\":{\"@id\":\"https:\\\/\\\/www.alpina-leukerbad.ch\\\/#organization\"},\"potentialAction\":[{\"@type\":\"SearchAction\",\"target\":{\"@type\":\"EntryPoint\",\"urlTemplate\":\"https:\\\/\\\/www.alpina-leukerbad.ch\\\/?s={search_term_string}\"},\"query-input\":{\"@type\":\"PropertyValueSpecification\",\"valueRequired\":true,\"valueName\":\"search_term_string\"}}],\"inLanguage\":\"fr-FR\"},{\"@type\":\"Organization\",\"@id\":\"https:\\\/\\\/www.alpina-leukerbad.ch\\\/#organization\",\"name\":\"Hotel Alpina Leukerbad\",\"url\":\"https:\\\/\\\/www.alpina-leukerbad.ch\\\/\",\"logo\":{\"@type\":\"ImageObject\",\"inLanguage\":\"fr-FR\",\"@id\":\"https:\\\/\\\/www.alpina-leukerbad.ch\\\/#\\\/schema\\\/logo\\\/image\\\/\",\"url\":\"https:\\\/\\\/www.alpina-leukerbad.ch\\\/wp-content\\\/uploads\\\/2023\\\/02\\\/logo-hotel-alpina-leukerbad.svg\",\"contentUrl\":\"https:\\\/\\\/www.alpina-leukerbad.ch\\\/wp-content\\\/uploads\\\/2023\\\/02\\\/logo-hotel-alpina-leukerbad.svg\",\"width\":418,\"height\":236,\"caption\":\"Hotel Alpina Leukerbad\"},\"image\":{\"@id\":\"https:\\\/\\\/www.alpina-leukerbad.ch\\\/#\\\/schema\\\/logo\\\/image\\\/\"}}]}<\/script>\n<!-- \/ Yoast SEO plugin. -->","yoast_head_json":{"title":"Pour les golfeurs - Hotel Alpina Leukerbad","robots":{"index":"index","follow":"follow","max-snippet":"max-snippet:-1","max-image-preview":"max-image-preview:large","max-video-preview":"max-video-preview:-1"},"canonical":"https:\/\/www.alpina-leukerbad.ch\/fr\/offres-speciales\/pour-les-golfeurs\/","og_locale":"fr_FR","og_type":"article","og_title":"Pour les golfeurs - Hotel Alpina Leukerbad","og_description":"Pour les golfeurs Plus d&rsquo;informations \u00e0 la r\u00e9ception. Voir les offres sp\u00e9ciales Pour les golfeurs Les clients de l\u2019h\u00f4tel b\u00e9n\u00e9ficient de r\u00e9ductions sur les green fees au parcours de golf de Leuk. Pour plus d\u2019informations, veuillez contacter la r\u00e9ception. Contact Pour plus d&rsquo;informations, veuillez nous contacter. 027 472 27 27 info@alpina-leukerbad.ch","og_url":"https:\/\/www.alpina-leukerbad.ch\/fr\/offres-speciales\/pour-les-golfeurs\/","og_site_name":"Hotel Alpina Leukerbad","article_modified_time":"2023-04-13T08:30:50+00:00","twitter_card":"summary_large_image","schema":{"@context":"https:\/\/schema.org","@graph":[{"@type":"WebPage","@id":"https:\/\/www.alpina-leukerbad.ch\/fr\/offres-speciales\/pour-les-golfeurs\/","url":"https:\/\/www.alpina-leukerbad.ch\/fr\/offres-speciales\/pour-les-golfeurs\/","name":"Pour les golfeurs - Hotel Alpina Leukerbad","isPartOf":{"@id":"https:\/\/www.alpina-leukerbad.ch\/#website"},"datePublished":"2023-02-10T12:40:28+00:00","dateModified":"2023-04-13T08:30:50+00:00","breadcrumb":{"@id":"https:\/\/www.alpina-leukerbad.ch\/fr\/offres-speciales\/pour-les-golfeurs\/#breadcrumb"},"inLanguage":"fr-FR","potentialAction":[{"@type":"ReadAction","target":["https:\/\/www.alpina-leukerbad.ch\/fr\/offres-speciales\/pour-les-golfeurs\/"]}]},{"@type":"BreadcrumbList","@id":"https:\/\/www.alpina-leukerbad.ch\/fr\/offres-speciales\/pour-les-golfeurs\/#breadcrumb","itemListElement":[{"@type":"ListItem","position":1,"name":"Startseite","item":"https:\/\/www.alpina-leukerbad.ch\/fr\/"},{"@type":"ListItem","position":2,"name":"Offres sp\u00e9ciales","item":"https:\/\/www.alpina-leukerbad.ch\/fr\/offres-speciales\/"},{"@type":"ListItem","position":3,"name":"Pour les golfeurs"}]},{"@type":"WebSite","@id":"https:\/\/www.alpina-leukerbad.ch\/#website","url":"https:\/\/www.alpina-leukerbad.ch\/","name":"Hotel Alpina Leukerbad","description":"Famili\u00e4res Hotel im Herzen von Leukerbad","publisher":{"@id":"https:\/\/www.alpina-leukerbad.ch\/#organization"},"potentialAction":[{"@type":"SearchAction","target":{"@type":"EntryPoint","urlTemplate":"https:\/\/www.alpina-leukerbad.ch\/?s={search_term_string}"},"query-input":{"@type":"PropertyValueSpecification","valueRequired":true,"valueName":"search_term_string"}}],"inLanguage":"fr-FR"},{"@type":"Organization","@id":"https:\/\/www.alpina-leukerbad.ch\/#organization","name":"Hotel Alpina Leukerbad","url":"https:\/\/www.alpina-leukerbad.ch\/","logo":{"@type":"ImageObject","inLanguage":"fr-FR","@id":"https:\/\/www.alpina-leukerbad.ch\/#\/schema\/logo\/image\/","url":"https:\/\/www.alpina-leukerbad.ch\/wp-content\/uploads\/2023\/02\/logo-hotel-alpina-leukerbad.svg","contentUrl":"https:\/\/www.alpina-leukerbad.ch\/wp-content\/uploads\/2023\/02\/logo-hotel-alpina-leukerbad.svg","width":418,"height":236,"caption":"Hotel Alpina Leukerbad"},"image":{"@id":"https:\/\/www.alpina-leukerbad.ch\/#\/schema\/logo\/image\/"}}]}},"_links":{"self":[{"href":"https:\/\/www.alpina-leukerbad.ch\/fr\/wp-json\/wp\/v2\/pages\/1287","targetHints":{"allow":["GET"]}}],"collection":[{"href":"https:\/\/www.alpina-leukerbad.ch\/fr\/wp-json\/wp\/v2\/pages"}],"about":[{"href":"https:\/\/www.alpina-leukerbad.ch\/fr\/wp-json\/wp\/v2\/types\/page"}],"author":[{"embeddable":true,"href":"https:\/\/www.alpina-leukerbad.ch\/fr\/wp-json\/wp\/v2\/users\/1"}],"replies":[{"embeddable":true,"href":"https:\/\/www.alpina-leukerbad.ch\/fr\/wp-json\/wp\/v2\/comments?post=1287"}],"version-history":[{"count":3,"href":"https:\/\/www.alpina-leukerbad.ch\/fr\/wp-json\/wp\/v2\/pages\/1287\/revisions"}],"predecessor-version":[{"id":2487,"href":"https:\/\/www.alpina-leukerbad.ch\/fr\/wp-json\/wp\/v2\/pages\/1287\/revisions\/2487"}],"up":[{"embeddable":true,"href":"https:\/\/www.alpina-leukerbad.ch\/fr\/wp-json\/wp\/v2\/pages\/1225"}],"wp:attachment":[{"href":"https:\/\/www.alpina-leukerbad.ch\/fr\/wp-json\/wp\/v2\/media?parent=1287"}],"curies":[{"name":"wp","href":"https:\/\/api.w.org\/{rel}","templated":true}]}}