{"id":1332,"date":"2023-02-10T09:28:22","date_gmt":"2023-02-10T09:28:22","guid":{"rendered":"https:\/\/www.alpina-leukerbad.ch\/gastgeber\/"},"modified":"2023-05-12T11:10:37","modified_gmt":"2023-05-12T11:10:37","slug":"hotes","status":"publish","type":"page","link":"https:\/\/www.alpina-leukerbad.ch\/fr\/hotes\/","title":{"rendered":"h\u00f4tes"},"content":{"rendered":"\t\t<div data-elementor-type=\"wp-page\" data-elementor-id=\"1332\" class=\"elementor elementor-1332 elementor-728\" data-elementor-post-type=\"page\">\n\t\t\t\t\t\t<section class=\"elementor-section elementor-top-section elementor-element elementor-element-885258a elementor-section-boxed elementor-section-height-default elementor-section-height-default\" data-id=\"885258a\" data-element_type=\"section\" data-e-type=\"section\">\n\t\t\t\t\t\t<div class=\"elementor-container elementor-column-gap-default\">\n\t\t\t\t\t<div class=\"elementor-column elementor-col-100 elementor-top-column elementor-element elementor-element-5f6460f\" data-id=\"5f6460f\" data-element_type=\"column\" data-e-type=\"column\">\n\t\t\t<div class=\"elementor-widget-wrap elementor-element-populated\">\n\t\t\t\t\t\t<div class=\"elementor-element elementor-element-4e2d778 elementor-widget elementor-widget-text-editor\" data-id=\"4e2d778\" data-element_type=\"widget\" data-e-type=\"widget\" data-widget_type=\"text-editor.default\">\n\t\t\t\t<div class=\"elementor-widget-container\">\n\t\t\t\t\t\t\t\t\t<h6>Bienvenue<\/h6><h1>Vos h\u00f4tes<\/h1><p>Au c\u0153ur de Lo\u00e8che-les-Bains, la famille Brendel (Louis, Annelys, Carine, Rose et Daniel) accueillent leurs invit\u00e9s.<\/p>\t\t\t\t\t\t\t\t<\/div>\n\t\t\t\t<\/div>\n\t\t\t\t\t<\/div>\n\t\t<\/div>\n\t\t\t\t\t<\/div>\n\t\t<\/section>\n\t\t\t\t<section class=\"elementor-section elementor-top-section elementor-element elementor-element-9e48531 elementor-section-full_width elementor-section-height-min-height elementor-section-items-stretch conimg-section elementor-section-height-default\" data-id=\"9e48531\" data-element_type=\"section\" data-e-type=\"section\">\n\t\t\t\t\t\t<div class=\"elementor-container elementor-column-gap-default\">\n\t\t\t\t\t<div class=\"elementor-column elementor-col-50 elementor-top-column elementor-element elementor-element-e54b177 order-2\" data-id=\"e54b177\" data-element_type=\"column\" data-e-type=\"column\" data-settings=\"{&quot;background_background&quot;:&quot;classic&quot;}\">\n\t\t\t<div class=\"elementor-widget-wrap elementor-element-populated\">\n\t\t\t\t\t\t<div class=\"elementor-element elementor-element-4b12d62 elementor-widget elementor-widget-heading\" data-id=\"4b12d62\" data-element_type=\"widget\" data-e-type=\"widget\" data-widget_type=\"heading.default\">\n\t\t\t\t<div class=\"elementor-widget-container\">\n\t\t\t\t\t<h4 class=\"elementor-heading-title elementor-size-default\">Famille Brendel<\/h4>\t\t\t\t<\/div>\n\t\t\t\t<\/div>\n\t\t\t\t<div class=\"elementor-element elementor-element-54f4095 elementor-widget elementor-widget-text-editor\" data-id=\"54f4095\" data-element_type=\"widget\" data-e-type=\"widget\" data-widget_type=\"text-editor.default\">\n\t\t\t\t<div class=\"elementor-widget-container\">\n\t\t\t\t\t\t\t\t\t<p>Nous sommes toujours heureux d&rsquo;\u00eatre l\u00e0 pour vous. Chez nous, dans les Alpes valaisannes vous \u00eates comme \u00e0 la maison. Avec passion et coeur, nous aimons toujours \u00eatre l\u00e0 pour vous.<\/p>\t\t\t\t\t\t\t\t<\/div>\n\t\t\t\t<\/div>\n\t\t\t\t\t<\/div>\n\t\t<\/div>\n\t\t\t\t<div class=\"elementor-column elementor-col-50 elementor-top-column elementor-element elementor-element-ecb160d order-1\" data-id=\"ecb160d\" data-element_type=\"column\" data-e-type=\"column\" data-settings=\"{&quot;background_background&quot;:&quot;classic&quot;}\">\n\t\t\t<div class=\"elementor-widget-wrap elementor-element-populated\">\n\t\t\t\t\t\t<div class=\"elementor-element elementor-element-13efdba elementor-widget elementor-widget-spacer\" data-id=\"13efdba\" data-element_type=\"widget\" data-e-type=\"widget\" data-widget_type=\"spacer.default\">\n\t\t\t\t<div class=\"elementor-widget-container\">\n\t\t\t\t\t\t\t<div class=\"elementor-spacer\">\n\t\t\t<div class=\"elementor-spacer-inner\"><\/div>\n\t\t<\/div>\n\t\t\t\t\t\t<\/div>\n\t\t\t\t<\/div>\n\t\t\t\t\t<\/div>\n\t\t<\/div>\n\t\t\t\t\t<\/div>\n\t\t<\/section>\n\t\t\t\t<\/div>\n\t\t","protected":false},"excerpt":{"rendered":"<p>Bienvenue Vos h\u00f4tes Au c\u0153ur de Lo\u00e8che-les-Bains, la famille Brendel (Louis, Annelys, Carine, Rose et Daniel) accueillent leurs invit\u00e9s. Famille Brendel Nous sommes toujours heureux d&rsquo;\u00eatre l\u00e0 pour vous. Chez nous, dans les Alpes valaisannes vous \u00eates comme \u00e0 la maison. Avec passion et coeur, nous aimons toujours \u00eatre l\u00e0 pour vous.<\/p>\n","protected":false},"author":1,"featured_media":0,"parent":0,"menu_order":0,"comment_status":"closed","ping_status":"closed","template":"","meta":{"_acf_changed":false,"inline_featured_image":false,"footnotes":""},"class_list":["post-1332","page","type-page","status-publish","hentry"],"acf":[],"yoast_head":"<!-- This site is optimized with the Yoast SEO plugin v27.3 - https:\/\/yoast.com\/product\/yoast-seo-wordpress\/ -->\n<title>Nous vous souhaitons la bienvenue - Hotel Alpina Leukerbad<\/title>\n<meta name=\"description\" content=\"Au c\u0153ur de Lo\u00e8che-les-Bains, la famille Brendel (Louis, Annelys, Carine, Rose et Daniel) accueillent leurs invit\u00e9s.\" \/>\n<meta name=\"robots\" content=\"index, follow, max-snippet:-1, max-image-preview:large, max-video-preview:-1\" \/>\n<link rel=\"canonical\" href=\"https:\/\/www.alpina-leukerbad.ch\/fr\/hotes\/\" \/>\n<meta property=\"og:locale\" content=\"fr_FR\" \/>\n<meta property=\"og:type\" content=\"article\" \/>\n<meta property=\"og:title\" content=\"Nous vous souhaitons la bienvenue - Hotel Alpina Leukerbad\" \/>\n<meta property=\"og:description\" content=\"Au c\u0153ur de Lo\u00e8che-les-Bains, la famille Brendel (Louis, Annelys, Carine, Rose et Daniel) accueillent leurs invit\u00e9s.\" \/>\n<meta property=\"og:url\" content=\"https:\/\/www.alpina-leukerbad.ch\/fr\/hotes\/\" \/>\n<meta property=\"og:site_name\" content=\"Hotel Alpina Leukerbad\" \/>\n<meta property=\"article:modified_time\" content=\"2023-05-12T11:10:37+00:00\" \/>\n<meta name=\"twitter:card\" content=\"summary_large_image\" \/>\n<meta name=\"twitter:label1\" content=\"Dur\u00e9e de lecture estim\u00e9e\" \/>\n\t<meta name=\"twitter:data1\" content=\"1 minute\" \/>\n<script type=\"application\/ld+json\" class=\"yoast-schema-graph\">{\"@context\":\"https:\\\/\\\/schema.org\",\"@graph\":[{\"@type\":\"WebPage\",\"@id\":\"https:\\\/\\\/www.alpina-leukerbad.ch\\\/fr\\\/hotes\\\/\",\"url\":\"https:\\\/\\\/www.alpina-leukerbad.ch\\\/fr\\\/hotes\\\/\",\"name\":\"Nous vous souhaitons la bienvenue - Hotel Alpina Leukerbad\",\"isPartOf\":{\"@id\":\"https:\\\/\\\/www.alpina-leukerbad.ch\\\/#website\"},\"datePublished\":\"2023-02-10T09:28:22+00:00\",\"dateModified\":\"2023-05-12T11:10:37+00:00\",\"description\":\"Au c\u0153ur de Lo\u00e8che-les-Bains, la famille Brendel (Louis, Annelys, Carine, Rose et Daniel) accueillent leurs invit\u00e9s.\",\"breadcrumb\":{\"@id\":\"https:\\\/\\\/www.alpina-leukerbad.ch\\\/fr\\\/hotes\\\/#breadcrumb\"},\"inLanguage\":\"fr-FR\",\"potentialAction\":[{\"@type\":\"ReadAction\",\"target\":[\"https:\\\/\\\/www.alpina-leukerbad.ch\\\/fr\\\/hotes\\\/\"]}]},{\"@type\":\"BreadcrumbList\",\"@id\":\"https:\\\/\\\/www.alpina-leukerbad.ch\\\/fr\\\/hotes\\\/#breadcrumb\",\"itemListElement\":[{\"@type\":\"ListItem\",\"position\":1,\"name\":\"Startseite\",\"item\":\"https:\\\/\\\/www.alpina-leukerbad.ch\\\/fr\\\/\"},{\"@type\":\"ListItem\",\"position\":2,\"name\":\"h\u00f4tes\"}]},{\"@type\":\"WebSite\",\"@id\":\"https:\\\/\\\/www.alpina-leukerbad.ch\\\/#website\",\"url\":\"https:\\\/\\\/www.alpina-leukerbad.ch\\\/\",\"name\":\"Hotel Alpina Leukerbad\",\"description\":\"Famili\u00e4res Hotel im Herzen von Leukerbad\",\"publisher\":{\"@id\":\"https:\\\/\\\/www.alpina-leukerbad.ch\\\/#organization\"},\"potentialAction\":[{\"@type\":\"SearchAction\",\"target\":{\"@type\":\"EntryPoint\",\"urlTemplate\":\"https:\\\/\\\/www.alpina-leukerbad.ch\\\/?s={search_term_string}\"},\"query-input\":{\"@type\":\"PropertyValueSpecification\",\"valueRequired\":true,\"valueName\":\"search_term_string\"}}],\"inLanguage\":\"fr-FR\"},{\"@type\":\"Organization\",\"@id\":\"https:\\\/\\\/www.alpina-leukerbad.ch\\\/#organization\",\"name\":\"Hotel Alpina Leukerbad\",\"url\":\"https:\\\/\\\/www.alpina-leukerbad.ch\\\/\",\"logo\":{\"@type\":\"ImageObject\",\"inLanguage\":\"fr-FR\",\"@id\":\"https:\\\/\\\/www.alpina-leukerbad.ch\\\/#\\\/schema\\\/logo\\\/image\\\/\",\"url\":\"https:\\\/\\\/www.alpina-leukerbad.ch\\\/wp-content\\\/uploads\\\/2023\\\/02\\\/logo-hotel-alpina-leukerbad.svg\",\"contentUrl\":\"https:\\\/\\\/www.alpina-leukerbad.ch\\\/wp-content\\\/uploads\\\/2023\\\/02\\\/logo-hotel-alpina-leukerbad.svg\",\"width\":418,\"height\":236,\"caption\":\"Hotel Alpina Leukerbad\"},\"image\":{\"@id\":\"https:\\\/\\\/www.alpina-leukerbad.ch\\\/#\\\/schema\\\/logo\\\/image\\\/\"}}]}<\/script>\n<!-- \/ Yoast SEO plugin. -->","yoast_head_json":{"title":"Nous vous souhaitons la bienvenue - Hotel Alpina Leukerbad","description":"Au c\u0153ur de Lo\u00e8che-les-Bains, la famille Brendel (Louis, Annelys, Carine, Rose et Daniel) accueillent leurs invit\u00e9s.","robots":{"index":"index","follow":"follow","max-snippet":"max-snippet:-1","max-image-preview":"max-image-preview:large","max-video-preview":"max-video-preview:-1"},"canonical":"https:\/\/www.alpina-leukerbad.ch\/fr\/hotes\/","og_locale":"fr_FR","og_type":"article","og_title":"Nous vous souhaitons la bienvenue - Hotel Alpina Leukerbad","og_description":"Au c\u0153ur de Lo\u00e8che-les-Bains, la famille Brendel (Louis, Annelys, Carine, Rose et Daniel) accueillent leurs invit\u00e9s.","og_url":"https:\/\/www.alpina-leukerbad.ch\/fr\/hotes\/","og_site_name":"Hotel Alpina Leukerbad","article_modified_time":"2023-05-12T11:10:37+00:00","twitter_card":"summary_large_image","twitter_misc":{"Dur\u00e9e de lecture estim\u00e9e":"1 minute"},"schema":{"@context":"https:\/\/schema.org","@graph":[{"@type":"WebPage","@id":"https:\/\/www.alpina-leukerbad.ch\/fr\/hotes\/","url":"https:\/\/www.alpina-leukerbad.ch\/fr\/hotes\/","name":"Nous vous souhaitons la bienvenue - Hotel Alpina Leukerbad","isPartOf":{"@id":"https:\/\/www.alpina-leukerbad.ch\/#website"},"datePublished":"2023-02-10T09:28:22+00:00","dateModified":"2023-05-12T11:10:37+00:00","description":"Au c\u0153ur de Lo\u00e8che-les-Bains, la famille Brendel (Louis, Annelys, Carine, Rose et Daniel) accueillent leurs invit\u00e9s.","breadcrumb":{"@id":"https:\/\/www.alpina-leukerbad.ch\/fr\/hotes\/#breadcrumb"},"inLanguage":"fr-FR","potentialAction":[{"@type":"ReadAction","target":["https:\/\/www.alpina-leukerbad.ch\/fr\/hotes\/"]}]},{"@type":"BreadcrumbList","@id":"https:\/\/www.alpina-leukerbad.ch\/fr\/hotes\/#breadcrumb","itemListElement":[{"@type":"ListItem","position":1,"name":"Startseite","item":"https:\/\/www.alpina-leukerbad.ch\/fr\/"},{"@type":"ListItem","position":2,"name":"h\u00f4tes"}]},{"@type":"WebSite","@id":"https:\/\/www.alpina-leukerbad.ch\/#website","url":"https:\/\/www.alpina-leukerbad.ch\/","name":"Hotel Alpina Leukerbad","description":"Famili\u00e4res Hotel im Herzen von Leukerbad","publisher":{"@id":"https:\/\/www.alpina-leukerbad.ch\/#organization"},"potentialAction":[{"@type":"SearchAction","target":{"@type":"EntryPoint","urlTemplate":"https:\/\/www.alpina-leukerbad.ch\/?s={search_term_string}"},"query-input":{"@type":"PropertyValueSpecification","valueRequired":true,"valueName":"search_term_string"}}],"inLanguage":"fr-FR"},{"@type":"Organization","@id":"https:\/\/www.alpina-leukerbad.ch\/#organization","name":"Hotel Alpina Leukerbad","url":"https:\/\/www.alpina-leukerbad.ch\/","logo":{"@type":"ImageObject","inLanguage":"fr-FR","@id":"https:\/\/www.alpina-leukerbad.ch\/#\/schema\/logo\/image\/","url":"https:\/\/www.alpina-leukerbad.ch\/wp-content\/uploads\/2023\/02\/logo-hotel-alpina-leukerbad.svg","contentUrl":"https:\/\/www.alpina-leukerbad.ch\/wp-content\/uploads\/2023\/02\/logo-hotel-alpina-leukerbad.svg","width":418,"height":236,"caption":"Hotel Alpina Leukerbad"},"image":{"@id":"https:\/\/www.alpina-leukerbad.ch\/#\/schema\/logo\/image\/"}}]}},"_links":{"self":[{"href":"https:\/\/www.alpina-leukerbad.ch\/fr\/wp-json\/wp\/v2\/pages\/1332","targetHints":{"allow":["GET"]}}],"collection":[{"href":"https:\/\/www.alpina-leukerbad.ch\/fr\/wp-json\/wp\/v2\/pages"}],"about":[{"href":"https:\/\/www.alpina-leukerbad.ch\/fr\/wp-json\/wp\/v2\/types\/page"}],"author":[{"embeddable":true,"href":"https:\/\/www.alpina-leukerbad.ch\/fr\/wp-json\/wp\/v2\/users\/1"}],"replies":[{"embeddable":true,"href":"https:\/\/www.alpina-leukerbad.ch\/fr\/wp-json\/wp\/v2\/comments?post=1332"}],"version-history":[{"count":3,"href":"https:\/\/www.alpina-leukerbad.ch\/fr\/wp-json\/wp\/v2\/pages\/1332\/revisions"}],"predecessor-version":[{"id":2617,"href":"https:\/\/www.alpina-leukerbad.ch\/fr\/wp-json\/wp\/v2\/pages\/1332\/revisions\/2617"}],"wp:attachment":[{"href":"https:\/\/www.alpina-leukerbad.ch\/fr\/wp-json\/wp\/v2\/media?parent=1332"}],"curies":[{"name":"wp","href":"https:\/\/api.w.org\/{rel}","templated":true}]}}