{"id":1368,"date":"2023-02-10T15:09:28","date_gmt":"2023-02-10T15:09:28","guid":{"rendered":"https:\/\/www.alpina-leukerbad.ch\/buchen\/"},"modified":"2023-05-12T09:36:45","modified_gmt":"2023-05-12T09:36:45","slug":"reservez","status":"publish","type":"page","link":"https:\/\/www.alpina-leukerbad.ch\/fr\/reservez\/","title":{"rendered":"R\u00e9servez"},"content":{"rendered":"\t\t<div data-elementor-type=\"wp-page\" data-elementor-id=\"1368\" class=\"elementor elementor-1368 elementor-1355\" data-elementor-post-type=\"page\">\n\t\t\t\t\t\t<section class=\"elementor-section elementor-top-section elementor-element elementor-element-885258a elementor-section-boxed elementor-section-height-default elementor-section-height-default\" data-id=\"885258a\" data-element_type=\"section\" data-e-type=\"section\">\n\t\t\t\t\t\t<div class=\"elementor-container elementor-column-gap-default\">\n\t\t\t\t\t<div class=\"elementor-column elementor-col-100 elementor-top-column elementor-element elementor-element-5f6460f\" data-id=\"5f6460f\" data-element_type=\"column\" data-e-type=\"column\">\n\t\t\t<div class=\"elementor-widget-wrap elementor-element-populated\">\n\t\t\t\t\t\t<div class=\"elementor-element elementor-element-4e2d778 elementor-widget elementor-widget-text-editor\" data-id=\"4e2d778\" data-element_type=\"widget\" data-e-type=\"widget\" data-widget_type=\"text-editor.default\">\n\t\t\t\t<div class=\"elementor-widget-container\">\n\t\t\t\t\t\t\t\t\t<h6>Garantie du meilleur prix<\/h6><h1>R\u00e9servez en ligne<\/h1><p>R\u00e9servez en ligne vos vacances \u00e0 Leukerbad en ligne. Pour les questions, nous sommes heureux de vous aider. Nous avons h\u00e2te de vous voir.<\/p>\t\t\t\t\t\t\t\t<\/div>\n\t\t\t\t<\/div>\n\t\t\t\t\t<\/div>\n\t\t<\/div>\n\t\t\t\t\t<\/div>\n\t\t<\/section>\n\t\t\t\t<section class=\"elementor-section elementor-top-section elementor-element elementor-element-9981de0 elementor-section-full_width elementor-section-height-min-height elementor-section-items-stretch conimg-section elementor-section-height-default\" data-id=\"9981de0\" data-element_type=\"section\" data-e-type=\"section\">\n\t\t\t\t\t\t<div class=\"elementor-container elementor-column-gap-default\">\n\t\t\t\t\t<div class=\"elementor-column elementor-col-100 elementor-top-column elementor-element elementor-element-998c198 order-2\" data-id=\"998c198\" data-element_type=\"column\" data-e-type=\"column\" data-settings=\"{&quot;background_background&quot;:&quot;classic&quot;}\">\n\t\t\t<div class=\"elementor-widget-wrap elementor-element-populated\">\n\t\t\t\t\t\t<div class=\"elementor-element elementor-element-b57b345 elementor-widget elementor-widget-html\" data-id=\"b57b345\" data-element_type=\"widget\" data-e-type=\"widget\" data-widget_type=\"html.default\">\n\t\t\t\t<div class=\"elementor-widget-container\">\n\t\t\t\t\t<div class=\"skd-widget\" data-skd-widget=\"check-availability\" data-skd-send-to-groups=\"A\" data-skd-listen-to-groups=\"B\" data-skd-language-code=\"fr\"><div style=\"width:100%; min-height:50px; text-align:center;\"><img decoding=\"async\" src=\"https:\/\/static.seekda.com\/assets\/images\/skd_spinner.gif\" \/><noscript>Your browser doesn't support JavaScript or it has been disabled. To use the booking engine, please make sure to get JavaScript running.<\/noscript><\/div><\/div> \n        \n<div class=\"skd-widget\" data-skd-widget=\"offer-list\" data-skd-send-to-groups=\"B\" data-skd-listen-to-groups=\"A\"><div style=\"width:100%; min-height:100px; text-align:center;\"><img decoding=\"async\" src=\"https:\/\/static.seekda.com\/assets\/images\/skd_spinner.gif\" \/><noscript>Your browser doesn't support JavaScript or it has been disabled. To use the booking engine, please make sure to get JavaScript running.<\/noscript><\/div><\/div>\t\t\t\t<\/div>\n\t\t\t\t<\/div>\n\t\t\t\t\t<\/div>\n\t\t<\/div>\n\t\t\t\t\t<\/div>\n\t\t<\/section>\n\t\t\t\t<\/div>\n\t\t","protected":false},"excerpt":{"rendered":"<p>Garantie du meilleur prix R\u00e9servez en ligne R\u00e9servez en ligne vos vacances \u00e0 Leukerbad en ligne. Pour les questions, nous sommes heureux de vous aider. Nous avons h\u00e2te de vous voir. Your browser doesn&rsquo;t support JavaScript or it has been disabled. To use the booking engine, please make sure to get JavaScript running. Your browser [&hellip;]<\/p>\n","protected":false},"author":1,"featured_media":0,"parent":0,"menu_order":0,"comment_status":"closed","ping_status":"closed","template":"","meta":{"_acf_changed":false,"inline_featured_image":false,"footnotes":""},"class_list":["post-1368","page","type-page","status-publish","hentry"],"acf":[],"yoast_head":"<!-- This site is optimized with the Yoast SEO plugin v27.3 - https:\/\/yoast.com\/product\/yoast-seo-wordpress\/ -->\n<title>R\u00e9server vos vacances avec la garantie du meilleur prix - H\u00f4tel Alpina \u00e0 Lo\u00e8che-les-Bains<\/title>\n<meta name=\"description\" content=\"R\u00e9servez en ligne vos vacances \u00e0 Leukerbad en ligne. Pour les questions, nous sommes heureux de vous aider. Nous avons h\u00e2te de vous voir.\" \/>\n<meta name=\"robots\" content=\"index, follow, max-snippet:-1, max-image-preview:large, max-video-preview:-1\" \/>\n<link rel=\"canonical\" href=\"https:\/\/www.alpina-leukerbad.ch\/fr\/reservez\/\" \/>\n<meta property=\"og:locale\" content=\"fr_FR\" \/>\n<meta property=\"og:type\" content=\"article\" \/>\n<meta property=\"og:title\" content=\"R\u00e9server vos vacances avec la garantie du meilleur prix - H\u00f4tel Alpina \u00e0 Lo\u00e8che-les-Bains\" \/>\n<meta property=\"og:description\" content=\"R\u00e9servez en ligne vos vacances \u00e0 Leukerbad en ligne. Pour les questions, nous sommes heureux de vous aider. Nous avons h\u00e2te de vous voir.\" \/>\n<meta property=\"og:url\" content=\"https:\/\/www.alpina-leukerbad.ch\/fr\/reservez\/\" \/>\n<meta property=\"og:site_name\" content=\"Hotel Alpina Leukerbad\" \/>\n<meta property=\"article:modified_time\" content=\"2023-05-12T09:36:45+00:00\" \/>\n<meta property=\"og:image\" content=\"https:\/\/static.seekda.com\/assets\/images\/skd_spinner.gif\" \/>\n<meta name=\"twitter:card\" content=\"summary_large_image\" \/>\n<meta name=\"twitter:label1\" content=\"Dur\u00e9e de lecture estim\u00e9e\" \/>\n\t<meta name=\"twitter:data1\" content=\"1 minute\" \/>\n<script type=\"application\/ld+json\" class=\"yoast-schema-graph\">{\"@context\":\"https:\\\/\\\/schema.org\",\"@graph\":[{\"@type\":\"WebPage\",\"@id\":\"https:\\\/\\\/www.alpina-leukerbad.ch\\\/fr\\\/reservez\\\/\",\"url\":\"https:\\\/\\\/www.alpina-leukerbad.ch\\\/fr\\\/reservez\\\/\",\"name\":\"R\u00e9server vos vacances avec la garantie du meilleur prix - H\u00f4tel Alpina \u00e0 Lo\u00e8che-les-Bains\",\"isPartOf\":{\"@id\":\"https:\\\/\\\/www.alpina-leukerbad.ch\\\/#website\"},\"primaryImageOfPage\":{\"@id\":\"https:\\\/\\\/www.alpina-leukerbad.ch\\\/fr\\\/reservez\\\/#primaryimage\"},\"image\":{\"@id\":\"https:\\\/\\\/www.alpina-leukerbad.ch\\\/fr\\\/reservez\\\/#primaryimage\"},\"thumbnailUrl\":\"https:\\\/\\\/static.seekda.com\\\/assets\\\/images\\\/skd_spinner.gif\",\"datePublished\":\"2023-02-10T15:09:28+00:00\",\"dateModified\":\"2023-05-12T09:36:45+00:00\",\"description\":\"R\u00e9servez en ligne vos vacances \u00e0 Leukerbad en ligne. Pour les questions, nous sommes heureux de vous aider. Nous avons h\u00e2te de vous voir.\",\"breadcrumb\":{\"@id\":\"https:\\\/\\\/www.alpina-leukerbad.ch\\\/fr\\\/reservez\\\/#breadcrumb\"},\"inLanguage\":\"fr-FR\",\"potentialAction\":[{\"@type\":\"ReadAction\",\"target\":[\"https:\\\/\\\/www.alpina-leukerbad.ch\\\/fr\\\/reservez\\\/\"]}]},{\"@type\":\"ImageObject\",\"inLanguage\":\"fr-FR\",\"@id\":\"https:\\\/\\\/www.alpina-leukerbad.ch\\\/fr\\\/reservez\\\/#primaryimage\",\"url\":\"https:\\\/\\\/static.seekda.com\\\/assets\\\/images\\\/skd_spinner.gif\",\"contentUrl\":\"https:\\\/\\\/static.seekda.com\\\/assets\\\/images\\\/skd_spinner.gif\"},{\"@type\":\"BreadcrumbList\",\"@id\":\"https:\\\/\\\/www.alpina-leukerbad.ch\\\/fr\\\/reservez\\\/#breadcrumb\",\"itemListElement\":[{\"@type\":\"ListItem\",\"position\":1,\"name\":\"Startseite\",\"item\":\"https:\\\/\\\/www.alpina-leukerbad.ch\\\/fr\\\/\"},{\"@type\":\"ListItem\",\"position\":2,\"name\":\"R\u00e9servez\"}]},{\"@type\":\"WebSite\",\"@id\":\"https:\\\/\\\/www.alpina-leukerbad.ch\\\/#website\",\"url\":\"https:\\\/\\\/www.alpina-leukerbad.ch\\\/\",\"name\":\"Hotel Alpina Leukerbad\",\"description\":\"Famili\u00e4res Hotel im Herzen von Leukerbad\",\"publisher\":{\"@id\":\"https:\\\/\\\/www.alpina-leukerbad.ch\\\/#organization\"},\"potentialAction\":[{\"@type\":\"SearchAction\",\"target\":{\"@type\":\"EntryPoint\",\"urlTemplate\":\"https:\\\/\\\/www.alpina-leukerbad.ch\\\/?s={search_term_string}\"},\"query-input\":{\"@type\":\"PropertyValueSpecification\",\"valueRequired\":true,\"valueName\":\"search_term_string\"}}],\"inLanguage\":\"fr-FR\"},{\"@type\":\"Organization\",\"@id\":\"https:\\\/\\\/www.alpina-leukerbad.ch\\\/#organization\",\"name\":\"Hotel Alpina Leukerbad\",\"url\":\"https:\\\/\\\/www.alpina-leukerbad.ch\\\/\",\"logo\":{\"@type\":\"ImageObject\",\"inLanguage\":\"fr-FR\",\"@id\":\"https:\\\/\\\/www.alpina-leukerbad.ch\\\/#\\\/schema\\\/logo\\\/image\\\/\",\"url\":\"https:\\\/\\\/www.alpina-leukerbad.ch\\\/wp-content\\\/uploads\\\/2023\\\/02\\\/logo-hotel-alpina-leukerbad.svg\",\"contentUrl\":\"https:\\\/\\\/www.alpina-leukerbad.ch\\\/wp-content\\\/uploads\\\/2023\\\/02\\\/logo-hotel-alpina-leukerbad.svg\",\"width\":418,\"height\":236,\"caption\":\"Hotel Alpina Leukerbad\"},\"image\":{\"@id\":\"https:\\\/\\\/www.alpina-leukerbad.ch\\\/#\\\/schema\\\/logo\\\/image\\\/\"}}]}<\/script>\n<!-- \/ Yoast SEO plugin. -->","yoast_head_json":{"title":"R\u00e9server vos vacances avec la garantie du meilleur prix - H\u00f4tel Alpina \u00e0 Lo\u00e8che-les-Bains","description":"R\u00e9servez en ligne vos vacances \u00e0 Leukerbad en ligne. Pour les questions, nous sommes heureux de vous aider. Nous avons h\u00e2te de vous voir.","robots":{"index":"index","follow":"follow","max-snippet":"max-snippet:-1","max-image-preview":"max-image-preview:large","max-video-preview":"max-video-preview:-1"},"canonical":"https:\/\/www.alpina-leukerbad.ch\/fr\/reservez\/","og_locale":"fr_FR","og_type":"article","og_title":"R\u00e9server vos vacances avec la garantie du meilleur prix - H\u00f4tel Alpina \u00e0 Lo\u00e8che-les-Bains","og_description":"R\u00e9servez en ligne vos vacances \u00e0 Leukerbad en ligne. Pour les questions, nous sommes heureux de vous aider. Nous avons h\u00e2te de vous voir.","og_url":"https:\/\/www.alpina-leukerbad.ch\/fr\/reservez\/","og_site_name":"Hotel Alpina Leukerbad","article_modified_time":"2023-05-12T09:36:45+00:00","og_image":[{"url":"https:\/\/static.seekda.com\/assets\/images\/skd_spinner.gif","type":"","width":"","height":""}],"twitter_card":"summary_large_image","twitter_misc":{"Dur\u00e9e de lecture estim\u00e9e":"1 minute"},"schema":{"@context":"https:\/\/schema.org","@graph":[{"@type":"WebPage","@id":"https:\/\/www.alpina-leukerbad.ch\/fr\/reservez\/","url":"https:\/\/www.alpina-leukerbad.ch\/fr\/reservez\/","name":"R\u00e9server vos vacances avec la garantie du meilleur prix - H\u00f4tel Alpina \u00e0 Lo\u00e8che-les-Bains","isPartOf":{"@id":"https:\/\/www.alpina-leukerbad.ch\/#website"},"primaryImageOfPage":{"@id":"https:\/\/www.alpina-leukerbad.ch\/fr\/reservez\/#primaryimage"},"image":{"@id":"https:\/\/www.alpina-leukerbad.ch\/fr\/reservez\/#primaryimage"},"thumbnailUrl":"https:\/\/static.seekda.com\/assets\/images\/skd_spinner.gif","datePublished":"2023-02-10T15:09:28+00:00","dateModified":"2023-05-12T09:36:45+00:00","description":"R\u00e9servez en ligne vos vacances \u00e0 Leukerbad en ligne. Pour les questions, nous sommes heureux de vous aider. Nous avons h\u00e2te de vous voir.","breadcrumb":{"@id":"https:\/\/www.alpina-leukerbad.ch\/fr\/reservez\/#breadcrumb"},"inLanguage":"fr-FR","potentialAction":[{"@type":"ReadAction","target":["https:\/\/www.alpina-leukerbad.ch\/fr\/reservez\/"]}]},{"@type":"ImageObject","inLanguage":"fr-FR","@id":"https:\/\/www.alpina-leukerbad.ch\/fr\/reservez\/#primaryimage","url":"https:\/\/static.seekda.com\/assets\/images\/skd_spinner.gif","contentUrl":"https:\/\/static.seekda.com\/assets\/images\/skd_spinner.gif"},{"@type":"BreadcrumbList","@id":"https:\/\/www.alpina-leukerbad.ch\/fr\/reservez\/#breadcrumb","itemListElement":[{"@type":"ListItem","position":1,"name":"Startseite","item":"https:\/\/www.alpina-leukerbad.ch\/fr\/"},{"@type":"ListItem","position":2,"name":"R\u00e9servez"}]},{"@type":"WebSite","@id":"https:\/\/www.alpina-leukerbad.ch\/#website","url":"https:\/\/www.alpina-leukerbad.ch\/","name":"Hotel Alpina Leukerbad","description":"Famili\u00e4res Hotel im Herzen von Leukerbad","publisher":{"@id":"https:\/\/www.alpina-leukerbad.ch\/#organization"},"potentialAction":[{"@type":"SearchAction","target":{"@type":"EntryPoint","urlTemplate":"https:\/\/www.alpina-leukerbad.ch\/?s={search_term_string}"},"query-input":{"@type":"PropertyValueSpecification","valueRequired":true,"valueName":"search_term_string"}}],"inLanguage":"fr-FR"},{"@type":"Organization","@id":"https:\/\/www.alpina-leukerbad.ch\/#organization","name":"Hotel Alpina Leukerbad","url":"https:\/\/www.alpina-leukerbad.ch\/","logo":{"@type":"ImageObject","inLanguage":"fr-FR","@id":"https:\/\/www.alpina-leukerbad.ch\/#\/schema\/logo\/image\/","url":"https:\/\/www.alpina-leukerbad.ch\/wp-content\/uploads\/2023\/02\/logo-hotel-alpina-leukerbad.svg","contentUrl":"https:\/\/www.alpina-leukerbad.ch\/wp-content\/uploads\/2023\/02\/logo-hotel-alpina-leukerbad.svg","width":418,"height":236,"caption":"Hotel Alpina Leukerbad"},"image":{"@id":"https:\/\/www.alpina-leukerbad.ch\/#\/schema\/logo\/image\/"}}]}},"_links":{"self":[{"href":"https:\/\/www.alpina-leukerbad.ch\/fr\/wp-json\/wp\/v2\/pages\/1368","targetHints":{"allow":["GET"]}}],"collection":[{"href":"https:\/\/www.alpina-leukerbad.ch\/fr\/wp-json\/wp\/v2\/pages"}],"about":[{"href":"https:\/\/www.alpina-leukerbad.ch\/fr\/wp-json\/wp\/v2\/types\/page"}],"author":[{"embeddable":true,"href":"https:\/\/www.alpina-leukerbad.ch\/fr\/wp-json\/wp\/v2\/users\/1"}],"replies":[{"embeddable":true,"href":"https:\/\/www.alpina-leukerbad.ch\/fr\/wp-json\/wp\/v2\/comments?post=1368"}],"version-history":[{"count":3,"href":"https:\/\/www.alpina-leukerbad.ch\/fr\/wp-json\/wp\/v2\/pages\/1368\/revisions"}],"predecessor-version":[{"id":2610,"href":"https:\/\/www.alpina-leukerbad.ch\/fr\/wp-json\/wp\/v2\/pages\/1368\/revisions\/2610"}],"wp:attachment":[{"href":"https:\/\/www.alpina-leukerbad.ch\/fr\/wp-json\/wp\/v2\/media?parent=1368"}],"curies":[{"name":"wp","href":"https:\/\/api.w.org\/{rel}","templated":true}]}}