{"id":2703,"date":"2023-05-12T13:48:51","date_gmt":"2023-05-12T13:48:51","guid":{"rendered":"https:\/\/www.alpina-leukerbad.ch\/impressum\/"},"modified":"2023-05-12T13:54:58","modified_gmt":"2023-05-12T13:54:58","slug":"empreinte","status":"publish","type":"page","link":"https:\/\/www.alpina-leukerbad.ch\/fr\/empreinte\/","title":{"rendered":"Empreinte"},"content":{"rendered":"\t\t<div data-elementor-type=\"wp-page\" data-elementor-id=\"2703\" class=\"elementor elementor-2703 elementor-2688\" data-elementor-post-type=\"page\">\n\t\t\t\t\t\t<section class=\"elementor-section elementor-top-section elementor-element elementor-element-885258a elementor-section-boxed elementor-section-height-default elementor-section-height-default\" data-id=\"885258a\" data-element_type=\"section\" data-e-type=\"section\">\n\t\t\t\t\t\t<div class=\"elementor-container elementor-column-gap-default\">\n\t\t\t\t\t<div class=\"elementor-column elementor-col-100 elementor-top-column elementor-element elementor-element-5f6460f\" data-id=\"5f6460f\" data-element_type=\"column\" data-e-type=\"column\">\n\t\t\t<div class=\"elementor-widget-wrap elementor-element-populated\">\n\t\t\t\t\t\t<div class=\"elementor-element elementor-element-4e2d778 elementor-widget elementor-widget-text-editor\" data-id=\"4e2d778\" data-element_type=\"widget\" data-e-type=\"widget\" data-widget_type=\"text-editor.default\">\n\t\t\t\t<div class=\"elementor-widget-container\">\n\t\t\t\t\t\t\t\t\t<h1>Empreinte<\/h1><h3>Responsable du contenu<\/h3><p>Hotel Restaurant Alpina<br \/>Herr Daniel Brendel<br \/>Sterneng\u00e4ssi 7<br \/>3954 Leukerbad<\/p><p>E-Mail:\u00a0<a href=\"mailto:info@alpina-leukerbad.ch\">info@alpina-leukerbad.ch<\/a><\/p><h3>Conception, programmation et h\u00e9bergement<\/h3><p>Valpix GmbH<br \/>Kehrstrasse 12<br \/>3904 Naters<\/p><p>Telefon: +41 27 924 60 82<br \/>E-Mail:\u00a0<a href=\"mailto:info@valpix.ch\">\u2028info@valpix.ch<\/a><br \/>Website:\u00a0<a href=\"https:\/\/www.valpix.ch\/\" target=\"_blank\" rel=\"noopener noreferrer\">www.valpix.ch<\/a><\/p><h3>Avis de responsabilit\u00e9<\/h3><p>Le contenu de ce site est maintenu avec le plus grand soin. N\u00e9anmoins, aucune responsabilit\u00e9 n\u2019est accept\u00e9e pour le contenu. Erreurs et omissions except\u00e9es. Le contenu est prot\u00e9g\u00e9 par le droit d\u2019auteur. Nous n\u2019assumons aucune responsabilit\u00e9 pour le contenu des liens externes. Le contenu des pages li\u00e9es rel\u00e8ve de la seule responsabilit\u00e9 de leurs op\u00e9rateurs.<\/p>\t\t\t\t\t\t\t\t<\/div>\n\t\t\t\t<\/div>\n\t\t\t\t\t<\/div>\n\t\t<\/div>\n\t\t\t\t\t<\/div>\n\t\t<\/section>\n\t\t\t\t<\/div>\n\t\t","protected":false},"excerpt":{"rendered":"<p>Empreinte Responsable du contenu Hotel Restaurant AlpinaHerr Daniel BrendelSterneng\u00e4ssi 73954 Leukerbad E-Mail:\u00a0info@alpina-leukerbad.ch Conception, programmation et h\u00e9bergement Valpix GmbHKehrstrasse 123904 Naters Telefon: +41 27 924 60 82E-Mail:\u00a0\u2028info@valpix.chWebsite:\u00a0www.valpix.ch Avis de responsabilit\u00e9 Le contenu de ce site est maintenu avec le plus grand soin. N\u00e9anmoins, aucune responsabilit\u00e9 n\u2019est accept\u00e9e pour le contenu. Erreurs et omissions except\u00e9es. Le contenu [&hellip;]<\/p>\n","protected":false},"author":1,"featured_media":0,"parent":0,"menu_order":0,"comment_status":"closed","ping_status":"closed","template":"","meta":{"_acf_changed":false,"inline_featured_image":false,"footnotes":""},"class_list":["post-2703","page","type-page","status-publish","hentry"],"acf":[],"yoast_head":"<!-- This site is optimized with the Yoast SEO plugin v27.3 - https:\/\/yoast.com\/product\/yoast-seo-wordpress\/ -->\n<title>Empreinte - Hotel Alpina Leukerbad<\/title>\n<meta name=\"robots\" content=\"index, follow, max-snippet:-1, max-image-preview:large, max-video-preview:-1\" \/>\n<link rel=\"canonical\" href=\"https:\/\/www.alpina-leukerbad.ch\/fr\/empreinte\/\" \/>\n<meta property=\"og:locale\" content=\"fr_FR\" \/>\n<meta property=\"og:type\" content=\"article\" \/>\n<meta property=\"og:title\" content=\"Empreinte - Hotel Alpina Leukerbad\" \/>\n<meta property=\"og:description\" content=\"Empreinte Responsable du contenu Hotel Restaurant AlpinaHerr Daniel BrendelSterneng\u00e4ssi 73954 Leukerbad E-Mail:\u00a0info@alpina-leukerbad.ch Conception, programmation et h\u00e9bergement Valpix GmbHKehrstrasse 123904 Naters Telefon: +41 27 924 60 82E-Mail:\u00a0\u2028info@valpix.chWebsite:\u00a0www.valpix.ch Avis de responsabilit\u00e9 Le contenu de ce site est maintenu avec le plus grand soin. N\u00e9anmoins, aucune responsabilit\u00e9 n\u2019est accept\u00e9e pour le contenu. Erreurs et omissions except\u00e9es. Le contenu [&hellip;]\" \/>\n<meta property=\"og:url\" content=\"https:\/\/www.alpina-leukerbad.ch\/fr\/empreinte\/\" \/>\n<meta property=\"og:site_name\" content=\"Hotel Alpina Leukerbad\" \/>\n<meta property=\"article:modified_time\" content=\"2023-05-12T13:54:58+00:00\" \/>\n<meta name=\"twitter:card\" content=\"summary_large_image\" \/>\n<meta name=\"twitter:label1\" content=\"Dur\u00e9e de lecture estim\u00e9e\" \/>\n\t<meta name=\"twitter:data1\" content=\"1 minute\" \/>\n<script type=\"application\/ld+json\" class=\"yoast-schema-graph\">{\"@context\":\"https:\\\/\\\/schema.org\",\"@graph\":[{\"@type\":\"WebPage\",\"@id\":\"https:\\\/\\\/www.alpina-leukerbad.ch\\\/fr\\\/empreinte\\\/\",\"url\":\"https:\\\/\\\/www.alpina-leukerbad.ch\\\/fr\\\/empreinte\\\/\",\"name\":\"Empreinte - Hotel Alpina Leukerbad\",\"isPartOf\":{\"@id\":\"https:\\\/\\\/www.alpina-leukerbad.ch\\\/#website\"},\"datePublished\":\"2023-05-12T13:48:51+00:00\",\"dateModified\":\"2023-05-12T13:54:58+00:00\",\"breadcrumb\":{\"@id\":\"https:\\\/\\\/www.alpina-leukerbad.ch\\\/fr\\\/empreinte\\\/#breadcrumb\"},\"inLanguage\":\"fr-FR\",\"potentialAction\":[{\"@type\":\"ReadAction\",\"target\":[\"https:\\\/\\\/www.alpina-leukerbad.ch\\\/fr\\\/empreinte\\\/\"]}]},{\"@type\":\"BreadcrumbList\",\"@id\":\"https:\\\/\\\/www.alpina-leukerbad.ch\\\/fr\\\/empreinte\\\/#breadcrumb\",\"itemListElement\":[{\"@type\":\"ListItem\",\"position\":1,\"name\":\"Startseite\",\"item\":\"https:\\\/\\\/www.alpina-leukerbad.ch\\\/fr\\\/\"},{\"@type\":\"ListItem\",\"position\":2,\"name\":\"Empreinte\"}]},{\"@type\":\"WebSite\",\"@id\":\"https:\\\/\\\/www.alpina-leukerbad.ch\\\/#website\",\"url\":\"https:\\\/\\\/www.alpina-leukerbad.ch\\\/\",\"name\":\"Hotel Alpina Leukerbad\",\"description\":\"Famili\u00e4res Hotel im Herzen von Leukerbad\",\"publisher\":{\"@id\":\"https:\\\/\\\/www.alpina-leukerbad.ch\\\/#organization\"},\"potentialAction\":[{\"@type\":\"SearchAction\",\"target\":{\"@type\":\"EntryPoint\",\"urlTemplate\":\"https:\\\/\\\/www.alpina-leukerbad.ch\\\/?s={search_term_string}\"},\"query-input\":{\"@type\":\"PropertyValueSpecification\",\"valueRequired\":true,\"valueName\":\"search_term_string\"}}],\"inLanguage\":\"fr-FR\"},{\"@type\":\"Organization\",\"@id\":\"https:\\\/\\\/www.alpina-leukerbad.ch\\\/#organization\",\"name\":\"Hotel Alpina Leukerbad\",\"url\":\"https:\\\/\\\/www.alpina-leukerbad.ch\\\/\",\"logo\":{\"@type\":\"ImageObject\",\"inLanguage\":\"fr-FR\",\"@id\":\"https:\\\/\\\/www.alpina-leukerbad.ch\\\/#\\\/schema\\\/logo\\\/image\\\/\",\"url\":\"https:\\\/\\\/www.alpina-leukerbad.ch\\\/wp-content\\\/uploads\\\/2023\\\/02\\\/logo-hotel-alpina-leukerbad.svg\",\"contentUrl\":\"https:\\\/\\\/www.alpina-leukerbad.ch\\\/wp-content\\\/uploads\\\/2023\\\/02\\\/logo-hotel-alpina-leukerbad.svg\",\"width\":418,\"height\":236,\"caption\":\"Hotel Alpina Leukerbad\"},\"image\":{\"@id\":\"https:\\\/\\\/www.alpina-leukerbad.ch\\\/#\\\/schema\\\/logo\\\/image\\\/\"}}]}<\/script>\n<!-- \/ Yoast SEO plugin. -->","yoast_head_json":{"title":"Empreinte - Hotel Alpina Leukerbad","robots":{"index":"index","follow":"follow","max-snippet":"max-snippet:-1","max-image-preview":"max-image-preview:large","max-video-preview":"max-video-preview:-1"},"canonical":"https:\/\/www.alpina-leukerbad.ch\/fr\/empreinte\/","og_locale":"fr_FR","og_type":"article","og_title":"Empreinte - Hotel Alpina Leukerbad","og_description":"Empreinte Responsable du contenu Hotel Restaurant AlpinaHerr Daniel BrendelSterneng\u00e4ssi 73954 Leukerbad E-Mail:\u00a0info@alpina-leukerbad.ch Conception, programmation et h\u00e9bergement Valpix GmbHKehrstrasse 123904 Naters Telefon: +41 27 924 60 82E-Mail:\u00a0\u2028info@valpix.chWebsite:\u00a0www.valpix.ch Avis de responsabilit\u00e9 Le contenu de ce site est maintenu avec le plus grand soin. N\u00e9anmoins, aucune responsabilit\u00e9 n\u2019est accept\u00e9e pour le contenu. Erreurs et omissions except\u00e9es. Le contenu [&hellip;]","og_url":"https:\/\/www.alpina-leukerbad.ch\/fr\/empreinte\/","og_site_name":"Hotel Alpina Leukerbad","article_modified_time":"2023-05-12T13:54:58+00:00","twitter_card":"summary_large_image","twitter_misc":{"Dur\u00e9e de lecture estim\u00e9e":"1 minute"},"schema":{"@context":"https:\/\/schema.org","@graph":[{"@type":"WebPage","@id":"https:\/\/www.alpina-leukerbad.ch\/fr\/empreinte\/","url":"https:\/\/www.alpina-leukerbad.ch\/fr\/empreinte\/","name":"Empreinte - Hotel Alpina Leukerbad","isPartOf":{"@id":"https:\/\/www.alpina-leukerbad.ch\/#website"},"datePublished":"2023-05-12T13:48:51+00:00","dateModified":"2023-05-12T13:54:58+00:00","breadcrumb":{"@id":"https:\/\/www.alpina-leukerbad.ch\/fr\/empreinte\/#breadcrumb"},"inLanguage":"fr-FR","potentialAction":[{"@type":"ReadAction","target":["https:\/\/www.alpina-leukerbad.ch\/fr\/empreinte\/"]}]},{"@type":"BreadcrumbList","@id":"https:\/\/www.alpina-leukerbad.ch\/fr\/empreinte\/#breadcrumb","itemListElement":[{"@type":"ListItem","position":1,"name":"Startseite","item":"https:\/\/www.alpina-leukerbad.ch\/fr\/"},{"@type":"ListItem","position":2,"name":"Empreinte"}]},{"@type":"WebSite","@id":"https:\/\/www.alpina-leukerbad.ch\/#website","url":"https:\/\/www.alpina-leukerbad.ch\/","name":"Hotel Alpina Leukerbad","description":"Famili\u00e4res Hotel im Herzen von Leukerbad","publisher":{"@id":"https:\/\/www.alpina-leukerbad.ch\/#organization"},"potentialAction":[{"@type":"SearchAction","target":{"@type":"EntryPoint","urlTemplate":"https:\/\/www.alpina-leukerbad.ch\/?s={search_term_string}"},"query-input":{"@type":"PropertyValueSpecification","valueRequired":true,"valueName":"search_term_string"}}],"inLanguage":"fr-FR"},{"@type":"Organization","@id":"https:\/\/www.alpina-leukerbad.ch\/#organization","name":"Hotel Alpina Leukerbad","url":"https:\/\/www.alpina-leukerbad.ch\/","logo":{"@type":"ImageObject","inLanguage":"fr-FR","@id":"https:\/\/www.alpina-leukerbad.ch\/#\/schema\/logo\/image\/","url":"https:\/\/www.alpina-leukerbad.ch\/wp-content\/uploads\/2023\/02\/logo-hotel-alpina-leukerbad.svg","contentUrl":"https:\/\/www.alpina-leukerbad.ch\/wp-content\/uploads\/2023\/02\/logo-hotel-alpina-leukerbad.svg","width":418,"height":236,"caption":"Hotel Alpina Leukerbad"},"image":{"@id":"https:\/\/www.alpina-leukerbad.ch\/#\/schema\/logo\/image\/"}}]}},"_links":{"self":[{"href":"https:\/\/www.alpina-leukerbad.ch\/fr\/wp-json\/wp\/v2\/pages\/2703","targetHints":{"allow":["GET"]}}],"collection":[{"href":"https:\/\/www.alpina-leukerbad.ch\/fr\/wp-json\/wp\/v2\/pages"}],"about":[{"href":"https:\/\/www.alpina-leukerbad.ch\/fr\/wp-json\/wp\/v2\/types\/page"}],"author":[{"embeddable":true,"href":"https:\/\/www.alpina-leukerbad.ch\/fr\/wp-json\/wp\/v2\/users\/1"}],"replies":[{"embeddable":true,"href":"https:\/\/www.alpina-leukerbad.ch\/fr\/wp-json\/wp\/v2\/comments?post=2703"}],"version-history":[{"count":3,"href":"https:\/\/www.alpina-leukerbad.ch\/fr\/wp-json\/wp\/v2\/pages\/2703\/revisions"}],"predecessor-version":[{"id":2714,"href":"https:\/\/www.alpina-leukerbad.ch\/fr\/wp-json\/wp\/v2\/pages\/2703\/revisions\/2714"}],"wp:attachment":[{"href":"https:\/\/www.alpina-leukerbad.ch\/fr\/wp-json\/wp\/v2\/media?parent=2703"}],"curies":[{"name":"wp","href":"https:\/\/api.w.org\/{rel}","templated":true}]}}